

{"id":162,"date":"2025-09-12T21:47:10","date_gmt":"2025-09-12T19:47:10","guid":{"rendered":"https:\/\/charta-thesauri.de\/?page_id=162"},"modified":"2025-10-29T17:48:51","modified_gmt":"2025-10-29T16:48:51","slug":"mobile-anwendung","status":"publish","type":"page","link":"https:\/\/charta-thesauri.de\/index.php\/mobile-anwendung\/","title":{"rendered":"Mobile Anwendung"},"content":{"rendered":"\n<p>Die mobile Anwendung (mobile Schatzsuche) ist ausschlie\u00dflich f\u00fcr Personen gedacht, die direkt &#8222;im freien Feld&#8220; schauen wollen, ob in der Karte festgestellte Spuren tats\u00e4chlich auf arch\u00e4ologische Besonderheiten in der Realit\u00e4t schlie\u00dfen lassen. Eine digitale Schatzsuche oder eine L\u00f6sung von Geo-R\u00e4tseln ist in der mobilen App nicht m\u00f6glich.<\/p>\n\n\n\n<p>Um die mobile Anwendung (Smartphone, Tablet) mit GPS-Unterst\u00fctzung nutzen zu k\u00f6nnen ist die Installation einer App (&#8222;QField&#8220;) notwendig. Diese findest Du z.B. im Google AppStore: <a href=\"https:\/\/docs.qfield.org\/de\/get-started\/\" target=\"_blank\" rel=\"noreferrer noopener\">https:\/\/docs.qfield.org\/de\/get-started\/<\/a><\/p>\n\n\n\n<p>Nachdem Du die App installiert hast m\u00fcsstest Du Dich einmal f\u00fcr die QField Cloud registrieren (ist absolut kostenlos) und dort anmelden.<\/p>\n\n\n\n<figure class=\"wp-block-image size-full\"><img loading=\"lazy\" decoding=\"async\" width=\"292\" height=\"600\" src=\"https:\/\/charta-thesauri.de\/wp-content\/uploads\/2025\/09\/anfang-1.jpg\" alt=\"\" class=\"wp-image-347\" srcset=\"https:\/\/charta-thesauri.de\/wp-content\/uploads\/2025\/09\/anfang-1.jpg 292w, https:\/\/charta-thesauri.de\/wp-content\/uploads\/2025\/09\/anfang-1-146x300.jpg 146w\" sizes=\"auto, (max-width: 292px) 100vw, 292px\" \/><\/figure>\n\n\n\n<\/br><\/br>\n\n\n\n<p>Anschlie\u00dfend kannst Du das Projekt &#8222;Chartathesauri&#8220; suchen, herunterladen und \u00f6ffnen.<\/p>\n\n\n\n<figure class=\"wp-block-image size-full\"><img loading=\"lazy\" decoding=\"async\" width=\"300\" height=\"617\" src=\"https:\/\/charta-thesauri.de\/wp-content\/uploads\/2025\/09\/anfang2.jpg\" alt=\"\" class=\"wp-image-350\" srcset=\"https:\/\/charta-thesauri.de\/wp-content\/uploads\/2025\/09\/anfang2.jpg 300w, https:\/\/charta-thesauri.de\/wp-content\/uploads\/2025\/09\/anfang2-146x300.jpg 146w\" sizes=\"auto, (max-width: 300px) 100vw, 300px\" \/><\/figure>\n\n\n\n<figure class=\"wp-block-image size-full\"><img loading=\"lazy\" decoding=\"async\" width=\"300\" height=\"617\" src=\"https:\/\/charta-thesauri.de\/wp-content\/uploads\/2025\/09\/anfang3.jpg\" alt=\"\" class=\"wp-image-351\" srcset=\"https:\/\/charta-thesauri.de\/wp-content\/uploads\/2025\/09\/anfang3.jpg 300w, https:\/\/charta-thesauri.de\/wp-content\/uploads\/2025\/09\/anfang3-146x300.jpg 146w\" sizes=\"auto, (max-width: 300px) 100vw, 300px\" \/><\/figure>\n\n\n\n<\/br><\/br>\n\n\n\n<h2 class=\"wp-block-heading\" id=\"h-erste-schritte\">Erste Schritte<\/h2>\n\n\n\n<p>Im Startbildschirm kann Du unten rechts eine GPS-Verwendung aktivieren und siehst dann logischerweise Deine Position in der Karte. Oben Links kannst Du \u00fcber das &#8222;Drei-Balken-Symbol&#8220; <strong><em>(Kartenauswahl) <\/em><\/strong>unterschiedliche Karte an- bzw. ausschalten.<\/p>\n\n\n\n<figure class=\"wp-block-image size-full\"><img loading=\"lazy\" decoding=\"async\" width=\"260\" height=\"534\" src=\"https:\/\/charta-thesauri.de\/wp-content\/uploads\/2025\/09\/schritt_1-1.jpg\" alt=\"\" class=\"wp-image-357\" srcset=\"https:\/\/charta-thesauri.de\/wp-content\/uploads\/2025\/09\/schritt_1-1.jpg 260w, https:\/\/charta-thesauri.de\/wp-content\/uploads\/2025\/09\/schritt_1-1-146x300.jpg 146w\" sizes=\"auto, (max-width: 260px) 100vw, 260px\" \/><\/figure>\n\n\n\n<\/br><\/br>\n\n\n\n<p>Du kannst in der <strong><em>Kartenauswahl <\/em><\/strong>z.B. eine OpenStreetMap-Hintergrundkarte oder aktuelle Luftbilder ausw\u00e4hlen. Zudem kannst Du ALKIS-Liegenschaftsdaten, ein Gel\u00e4ndemodell oder aber historische Kartenebenen einblenden. Unten rechts kannst Du ausw\u00e4hlen, ob Du ggf. die Datenerfassung aktivieren m\u00f6chtest (gilt nur f\u00fcr den Layer &#8222;Datenerfassung Historische Objekte&#8220;).<\/p>\n\n\n\n<figure class=\"wp-block-image size-full\"><img loading=\"lazy\" decoding=\"async\" width=\"260\" height=\"534\" src=\"https:\/\/charta-thesauri.de\/wp-content\/uploads\/2025\/09\/schritt_2.jpg\" alt=\"\" class=\"wp-image-358\" srcset=\"https:\/\/charta-thesauri.de\/wp-content\/uploads\/2025\/09\/schritt_2.jpg 260w, https:\/\/charta-thesauri.de\/wp-content\/uploads\/2025\/09\/schritt_2-146x300.jpg 146w\" sizes=\"auto, (max-width: 260px) 100vw, 260px\" \/><\/figure>\n\n\n\n<\/br><\/br>\n\n\n\n<p>Nachfolgender Screenshot zeigt die historischen Daten des Landkreises Osnabr\u00fcck (1827-1861) in der Anwendung.<\/p>\n\n\n\n<figure class=\"wp-block-image size-full\"><img loading=\"lazy\" decoding=\"async\" width=\"260\" height=\"534\" src=\"https:\/\/charta-thesauri.de\/wp-content\/uploads\/2025\/09\/schritt_3.jpg\" alt=\"\" class=\"wp-image-362\" srcset=\"https:\/\/charta-thesauri.de\/wp-content\/uploads\/2025\/09\/schritt_3.jpg 260w, https:\/\/charta-thesauri.de\/wp-content\/uploads\/2025\/09\/schritt_3-146x300.jpg 146w\" sizes=\"auto, (max-width: 260px) 100vw, 260px\" \/><\/figure>\n\n\n\n<\/br><\/br>\n\n\n\n<p>Sofern der Layer &#8222;Datenerfassung Historische Objekte&#8220; aktiviert ist, so kann man in der mobilen Anwendung sehen, was andere Personen (am heimischen Desktop-PC oder \u00fcber die mobile Anwendung) in die Karte eingetragen.<\/p>\n\n\n\n<p>Du m\u00f6chtest \u00fcber diesen Layer SELBER Daten in der mobilen Anwendung erfassen? Aus technischen Gr\u00fcnden ist es leider notwendig, dass Du zuvor eine Mail an:<\/p>\n\n\n\n<figure class=\"wp-block-image size-full\"><img loading=\"lazy\" decoding=\"async\" width=\"407\" height=\"46\" src=\"https:\/\/charta-thesauri.de\/wp-content\/uploads\/2025\/09\/email-2.png\" alt=\"\" class=\"wp-image-324\" srcset=\"https:\/\/charta-thesauri.de\/wp-content\/uploads\/2025\/09\/email-2.png 407w, https:\/\/charta-thesauri.de\/wp-content\/uploads\/2025\/09\/email-2-300x34.png 300w\" sizes=\"auto, (max-width: 407px) 100vw, 407px\" \/><\/figure>\n\n\n\n<p>schreibst, mit Angabe Deines Usernamens in der &#8222;QField Cloud&#8220; (siehe oben). Anschlie\u00dfend wirst Du von uns in der Cloud f\u00fcr die Datenerfassung in der mobilen Anwendung freigeschaltet.<\/p>\n\n\n\n<p>F\u00fcr eine Datenerfassung muss das &#8222;Bleistift-Symbol&#8220; (Bereich <strong><em>Kartenauswahl<\/em><\/strong>, siehe weiter oben) aktiviert sein. Dann k\u00f6nnen Objekte entsprechend vermerkt und hochgeladen werden. Diese sind dann f\u00fcr alle Personen gleichfalls frei einsehbar.<\/p>\n\n\n\n<figure class=\"wp-block-image size-full\"><img loading=\"lazy\" decoding=\"async\" width=\"270\" height=\"555\" src=\"https:\/\/charta-thesauri.de\/wp-content\/uploads\/2025\/09\/schritt_4.jpg\" alt=\"\" class=\"wp-image-365\" srcset=\"https:\/\/charta-thesauri.de\/wp-content\/uploads\/2025\/09\/schritt_4.jpg 270w, https:\/\/charta-thesauri.de\/wp-content\/uploads\/2025\/09\/schritt_4-146x300.jpg 146w\" sizes=\"auto, (max-width: 270px) 100vw, 270px\" \/><\/figure>\n\n\n\n<p>Der Upload der Daten muss manuell &#8222;angestossen werden&#8220;. Wenn Du &#8222;lokal&#8220; auf Deinem Mobilger\u00e4t einen Dateneintrag vorgenommen hast, der noch nicht in der Cloud (f\u00fcr alle) vorhanden ist, dann wird Dir das \u00fcber einen blauen Punkt angezeigt:<\/p>\n\n\n\n<figure class=\"wp-block-image size-full\"><img loading=\"lazy\" decoding=\"async\" width=\"300\" height=\"617\" src=\"https:\/\/charta-thesauri.de\/wp-content\/uploads\/2025\/09\/Eintrag_1.jpg\" alt=\"\" class=\"wp-image-404\" srcset=\"https:\/\/charta-thesauri.de\/wp-content\/uploads\/2025\/09\/Eintrag_1.jpg 300w, https:\/\/charta-thesauri.de\/wp-content\/uploads\/2025\/09\/Eintrag_1-146x300.jpg 146w\" sizes=\"auto, (max-width: 300px) 100vw, 300px\" \/><\/figure>\n\n\n\n<\/br><\/br>\n\n\n\n<p>Anschlie\u00dfend m\u00fcsstest Du diese Daten in die Cloud &#8222;pushen&#8220;:<\/p>\n\n\n\n<figure class=\"wp-block-image size-full\"><img loading=\"lazy\" decoding=\"async\" width=\"300\" height=\"617\" src=\"https:\/\/charta-thesauri.de\/wp-content\/uploads\/2025\/09\/Eintrag_2a.jpg\" alt=\"\" class=\"wp-image-406\" srcset=\"https:\/\/charta-thesauri.de\/wp-content\/uploads\/2025\/09\/Eintrag_2a.jpg 300w, https:\/\/charta-thesauri.de\/wp-content\/uploads\/2025\/09\/Eintrag_2a-146x300.jpg 146w\" sizes=\"auto, (max-width: 300px) 100vw, 300px\" \/><\/figure>\n\n\n\n<\/br><\/br>\n\n\n\n<p>Um von anderen Personen &#8222;neu&#8220; eingef\u00fcgte Daten in Deiner mobilen Anwendung zu sehen ist eine Datensynchronisation notwendig:<\/p>\n\n\n\n<figure class=\"wp-block-image size-full\"><img loading=\"lazy\" decoding=\"async\" width=\"300\" height=\"617\" src=\"https:\/\/charta-thesauri.de\/wp-content\/uploads\/2025\/09\/Eintrag_2b.jpg\" alt=\"\" class=\"wp-image-409\" srcset=\"https:\/\/charta-thesauri.de\/wp-content\/uploads\/2025\/09\/Eintrag_2b.jpg 300w, https:\/\/charta-thesauri.de\/wp-content\/uploads\/2025\/09\/Eintrag_2b-146x300.jpg 146w\" sizes=\"auto, (max-width: 300px) 100vw, 300px\" \/><\/figure>\n\n\n\n<\/br><\/br>\n\n\n\n<h2 class=\"wp-block-heading\" id=\"h-ist-fur-die-mobile-anwendung-eine-internetverbindung-notwendig\">Ist f\u00fcr die mobile Anwendung eine Internetverbindung notwendig?<\/h2>\n\n\n\n<p>Generell ist sowohl eine online- als auch eine offline-Nutzung m\u00f6glich. Eine Onlinenutzung mit Handyempfang errm\u00f6glicht es Dir jederzeit Kartenkacheln neu zu laden und auch erfasste Fundstellen sofort in die Cloud zu bringen (wo diese dann \u00f6ffentlich einsehbar sind).<\/p>\n\n\n\n<p>Prinzipiell ist es so: Wenn Du im Aussenbereich einen Fund markierst und ggf. mit einem Foto versehen hast, so kannst Du diesen Fund auch bequem erst zu Hause hochladen (wenn Dein Handy z.B. wieder WLAN-Empfang hat).<\/p>\n\n\n\n<p>Zur Kartennutzung ohne Handyempfang: Folgt noch&#8230;.<\/p>\n\n\n\n<p><\/p>\n","protected":false},"excerpt":{"rendered":"<p>Die mobile Anwendung (mobile Schatzsuche) ist ausschlie\u00dflich f\u00fcr Personen gedacht, die direkt &#8222;im freien Feld&#8220; schauen wollen, ob in der Karte festgestellte Spuren tats\u00e4chlich auf arch\u00e4ologische Besonderheiten in der Realit\u00e4t schlie\u00dfen lassen. Eine digitale Schatzsuche oder eine L\u00f6sung von Geo-R\u00e4tseln ist in der mobilen App nicht m\u00f6glich. Um die mobile Anwendung (Smartphone, Tablet) mit GPS-Unterst\u00fctzung nutzen zu k\u00f6nnen ist die Installation einer App (&#8222;QField&#8220;) notwendig. Diese findest Du z.B. im Google AppStore: https:\/\/docs.qfield.org\/de\/get-started\/ Nachdem Du die App installiert hast m\u00fcsstest Du Dich einmal f\u00fcr die QField Cloud registrieren (ist absolut kostenlos) und dort anmelden. Anschlie\u00dfend kannst Du das Projekt &#8222;Chartathesauri&#8220; suchen, herunterladen und \u00f6ffnen. Erste Schritte Im Startbildschirm kann Du unten rechts eine GPS-Verwendung aktivieren und siehst dann logischerweise Deine Position in der Karte. Oben Links kannst Du \u00fcber das &#8222;Drei-Balken-Symbol&#8220; (Kartenauswahl) unterschiedliche Karte an- bzw. ausschalten. Du kannst in der Kartenauswahl z.B. eine OpenStreetMap-Hintergrundkarte oder aktuelle Luftbilder ausw\u00e4hlen. Zudem kannst Du ALKIS-Liegenschaftsdaten, ein Gel\u00e4ndemodell oder aber historische Kartenebenen einblenden. Unten rechts kannst Du ausw\u00e4hlen, ob Du ggf. die Datenerfassung aktivieren m\u00f6chtest (gilt nur f\u00fcr den Layer &#8222;Datenerfassung Historische Objekte&#8220;). Nachfolgender Screenshot zeigt die historischen Daten des Landkreises Osnabr\u00fcck (1827-1861) in der Anwendung. Sofern der Layer &#8222;Datenerfassung Historische Objekte&#8220; aktiviert ist, so kann man in der mobilen Anwendung sehen, was andere Personen (am heimischen Desktop-PC oder \u00fcber die mobile Anwendung) in die Karte eingetragen. Du m\u00f6chtest \u00fcber diesen Layer SELBER Daten in der mobilen Anwendung erfassen? Aus technischen Gr\u00fcnden ist es leider notwendig, dass Du zuvor eine Mail an: schreibst, mit Angabe Deines Usernamens in der &#8222;QField Cloud&#8220; (siehe oben). Anschlie\u00dfend wirst Du von uns in der Cloud f\u00fcr die Datenerfassung in der mobilen Anwendung freigeschaltet. F\u00fcr eine Datenerfassung muss das &#8222;Bleistift-Symbol&#8220; (Bereich Kartenauswahl, siehe weiter oben) aktiviert sein. Dann k\u00f6nnen Objekte entsprechend vermerkt und hochgeladen werden. Diese sind dann f\u00fcr alle Personen gleichfalls frei einsehbar. Der Upload der Daten muss manuell &#8222;angestossen werden&#8220;. Wenn Du &#8222;lokal&#8220; auf Deinem Mobilger\u00e4t einen Dateneintrag vorgenommen hast, der noch nicht in der Cloud (f\u00fcr alle) vorhanden ist, dann wird Dir das \u00fcber einen blauen Punkt angezeigt: Anschlie\u00dfend m\u00fcsstest Du diese Daten in die Cloud &#8222;pushen&#8220;: Um von anderen Personen &#8222;neu&#8220; eingef\u00fcgte Daten in Deiner mobilen Anwendung zu sehen ist eine Datensynchronisation notwendig: Ist f\u00fcr die mobile Anwendung eine Internetverbindung notwendig? Generell ist sowohl eine online- als auch eine offline-Nutzung m\u00f6glich. Eine Onlinenutzung mit Handyempfang errm\u00f6glicht es Dir jederzeit Kartenkacheln neu zu laden und auch erfasste Fundstellen sofort in die Cloud zu bringen (wo diese dann \u00f6ffentlich einsehbar sind). Prinzipiell ist es so: Wenn Du im Aussenbereich einen Fund markierst und ggf. mit einem Foto versehen hast, so kannst Du diesen Fund auch bequem erst zu Hause hochladen (wenn Dein Handy z.B. wieder WLAN-Empfang hat). Zur Kartennutzung ohne Handyempfang: Folgt noch&#8230;.<\/p>\n","protected":false},"author":1,"featured_media":0,"parent":0,"menu_order":0,"comment_status":"closed","ping_status":"closed","template":"","meta":{"footnotes":""},"class_list":["post-162","page","type-page","status-publish","hentry"],"yoast_head":"<!-- This site is optimized with the Yoast SEO Premium plugin v26.6 (Yoast SEO v26.6) - https:\/\/yoast.com\/wordpress\/plugins\/seo\/ -->\n<title>Mobile Schatzsuche mit GPS f\u00fcr Entdecker - Charta thesauri<\/title>\n<meta name=\"description\" content=\"Entdecke die mobile Schatzsuche und erfahre, wie die App deinem GPS hilft, arch\u00e4ologische St\u00e4tten zu finden.\" \/>\n<meta name=\"robots\" content=\"index, follow, max-snippet:-1, max-image-preview:large, max-video-preview:-1\" \/>\n<link rel=\"canonical\" href=\"https:\/\/charta-thesauri.de\/index.php\/mobile-anwendung\/\" \/>\n<meta property=\"og:locale\" content=\"de_DE\" \/>\n<meta property=\"og:type\" content=\"article\" \/>\n<meta property=\"og:title\" content=\"Mobile Anwendung\" \/>\n<meta property=\"og:description\" content=\"Entdecke die mobile Schatzsuche und erfahre, wie die App deinem GPS hilft, arch\u00e4ologische St\u00e4tten zu finden.\" \/>\n<meta property=\"og:url\" content=\"https:\/\/charta-thesauri.de\/index.php\/mobile-anwendung\/\" \/>\n<meta property=\"og:site_name\" content=\"Charta thesauri\" \/>\n<meta property=\"article:modified_time\" content=\"2025-10-29T16:48:51+00:00\" \/>\n<meta property=\"og:image\" content=\"https:\/\/charta-thesauri.de\/wp-content\/uploads\/2025\/09\/anfang-1.jpg\" \/>\n\t<meta property=\"og:image:width\" content=\"292\" \/>\n\t<meta property=\"og:image:height\" content=\"600\" \/>\n\t<meta property=\"og:image:type\" content=\"image\/jpeg\" \/>\n<meta name=\"twitter:card\" content=\"summary_large_image\" \/>\n<meta name=\"twitter:label1\" content=\"Gesch\u00e4tzte Lesezeit\" \/>\n\t<meta name=\"twitter:data1\" content=\"5\u00a0Minuten\" \/>\n<script type=\"application\/ld+json\" class=\"yoast-schema-graph\">{\"@context\":\"https:\/\/schema.org\",\"@graph\":[{\"@type\":\"WebPage\",\"@id\":\"https:\/\/charta-thesauri.de\/index.php\/mobile-anwendung\/\",\"url\":\"https:\/\/charta-thesauri.de\/index.php\/mobile-anwendung\/\",\"name\":\"Mobile Schatzsuche mit GPS f\u00fcr Entdecker - Charta thesauri\",\"isPartOf\":{\"@id\":\"https:\/\/charta-thesauri.de\/#website\"},\"primaryImageOfPage\":{\"@id\":\"https:\/\/charta-thesauri.de\/index.php\/mobile-anwendung\/#primaryimage\"},\"image\":{\"@id\":\"https:\/\/charta-thesauri.de\/index.php\/mobile-anwendung\/#primaryimage\"},\"thumbnailUrl\":\"https:\/\/charta-thesauri.de\/wp-content\/uploads\/2025\/09\/anfang-1.jpg\",\"datePublished\":\"2025-09-12T19:47:10+00:00\",\"dateModified\":\"2025-10-29T16:48:51+00:00\",\"description\":\"Entdecke die mobile Schatzsuche und erfahre, wie die App deinem GPS hilft, arch\u00e4ologische St\u00e4tten zu finden.\",\"breadcrumb\":{\"@id\":\"https:\/\/charta-thesauri.de\/index.php\/mobile-anwendung\/#breadcrumb\"},\"inLanguage\":\"de\",\"potentialAction\":[{\"@type\":\"ReadAction\",\"target\":[\"https:\/\/charta-thesauri.de\/index.php\/mobile-anwendung\/\"]}]},{\"@type\":\"ImageObject\",\"inLanguage\":\"de\",\"@id\":\"https:\/\/charta-thesauri.de\/index.php\/mobile-anwendung\/#primaryimage\",\"url\":\"https:\/\/charta-thesauri.de\/wp-content\/uploads\/2025\/09\/anfang-1.jpg\",\"contentUrl\":\"https:\/\/charta-thesauri.de\/wp-content\/uploads\/2025\/09\/anfang-1.jpg\",\"width\":292,\"height\":600},{\"@type\":\"BreadcrumbList\",\"@id\":\"https:\/\/charta-thesauri.de\/index.php\/mobile-anwendung\/#breadcrumb\",\"itemListElement\":[{\"@type\":\"ListItem\",\"position\":1,\"name\":\"Startseite\",\"item\":\"https:\/\/charta-thesauri.de\/\"},{\"@type\":\"ListItem\",\"position\":2,\"name\":\"Mobile Anwendung\"}]},{\"@type\":\"WebSite\",\"@id\":\"https:\/\/charta-thesauri.de\/#website\",\"url\":\"https:\/\/charta-thesauri.de\/\",\"name\":\"Charta thesauri\",\"description\":\"test test\",\"potentialAction\":[{\"@type\":\"SearchAction\",\"target\":{\"@type\":\"EntryPoint\",\"urlTemplate\":\"https:\/\/charta-thesauri.de\/?s={search_term_string}\"},\"query-input\":{\"@type\":\"PropertyValueSpecification\",\"valueRequired\":true,\"valueName\":\"search_term_string\"}}],\"inLanguage\":\"de\"}]}<\/script>\n<!-- \/ Yoast SEO Premium plugin. -->","yoast_head_json":{"title":"Mobile Schatzsuche mit GPS f\u00fcr Entdecker - Charta thesauri","description":"Entdecke die mobile Schatzsuche und erfahre, wie die App deinem GPS hilft, arch\u00e4ologische St\u00e4tten zu finden.","robots":{"index":"index","follow":"follow","max-snippet":"max-snippet:-1","max-image-preview":"max-image-preview:large","max-video-preview":"max-video-preview:-1"},"canonical":"https:\/\/charta-thesauri.de\/index.php\/mobile-anwendung\/","og_locale":"de_DE","og_type":"article","og_title":"Mobile Anwendung","og_description":"Entdecke die mobile Schatzsuche und erfahre, wie die App deinem GPS hilft, arch\u00e4ologische St\u00e4tten zu finden.","og_url":"https:\/\/charta-thesauri.de\/index.php\/mobile-anwendung\/","og_site_name":"Charta thesauri","article_modified_time":"2025-10-29T16:48:51+00:00","og_image":[{"width":292,"height":600,"url":"https:\/\/charta-thesauri.de\/wp-content\/uploads\/2025\/09\/anfang-1.jpg","type":"image\/jpeg"}],"twitter_card":"summary_large_image","twitter_misc":{"Gesch\u00e4tzte Lesezeit":"5\u00a0Minuten"},"schema":{"@context":"https:\/\/schema.org","@graph":[{"@type":"WebPage","@id":"https:\/\/charta-thesauri.de\/index.php\/mobile-anwendung\/","url":"https:\/\/charta-thesauri.de\/index.php\/mobile-anwendung\/","name":"Mobile Schatzsuche mit GPS f\u00fcr Entdecker - Charta thesauri","isPartOf":{"@id":"https:\/\/charta-thesauri.de\/#website"},"primaryImageOfPage":{"@id":"https:\/\/charta-thesauri.de\/index.php\/mobile-anwendung\/#primaryimage"},"image":{"@id":"https:\/\/charta-thesauri.de\/index.php\/mobile-anwendung\/#primaryimage"},"thumbnailUrl":"https:\/\/charta-thesauri.de\/wp-content\/uploads\/2025\/09\/anfang-1.jpg","datePublished":"2025-09-12T19:47:10+00:00","dateModified":"2025-10-29T16:48:51+00:00","description":"Entdecke die mobile Schatzsuche und erfahre, wie die App deinem GPS hilft, arch\u00e4ologische St\u00e4tten zu finden.","breadcrumb":{"@id":"https:\/\/charta-thesauri.de\/index.php\/mobile-anwendung\/#breadcrumb"},"inLanguage":"de","potentialAction":[{"@type":"ReadAction","target":["https:\/\/charta-thesauri.de\/index.php\/mobile-anwendung\/"]}]},{"@type":"ImageObject","inLanguage":"de","@id":"https:\/\/charta-thesauri.de\/index.php\/mobile-anwendung\/#primaryimage","url":"https:\/\/charta-thesauri.de\/wp-content\/uploads\/2025\/09\/anfang-1.jpg","contentUrl":"https:\/\/charta-thesauri.de\/wp-content\/uploads\/2025\/09\/anfang-1.jpg","width":292,"height":600},{"@type":"BreadcrumbList","@id":"https:\/\/charta-thesauri.de\/index.php\/mobile-anwendung\/#breadcrumb","itemListElement":[{"@type":"ListItem","position":1,"name":"Startseite","item":"https:\/\/charta-thesauri.de\/"},{"@type":"ListItem","position":2,"name":"Mobile Anwendung"}]},{"@type":"WebSite","@id":"https:\/\/charta-thesauri.de\/#website","url":"https:\/\/charta-thesauri.de\/","name":"Charta thesauri","description":"test test","potentialAction":[{"@type":"SearchAction","target":{"@type":"EntryPoint","urlTemplate":"https:\/\/charta-thesauri.de\/?s={search_term_string}"},"query-input":{"@type":"PropertyValueSpecification","valueRequired":true,"valueName":"search_term_string"}}],"inLanguage":"de"}]}},"acf":[],"_links":{"self":[{"href":"https:\/\/charta-thesauri.de\/index.php\/wp-json\/wp\/v2\/pages\/162","targetHints":{"allow":["GET"]}}],"collection":[{"href":"https:\/\/charta-thesauri.de\/index.php\/wp-json\/wp\/v2\/pages"}],"about":[{"href":"https:\/\/charta-thesauri.de\/index.php\/wp-json\/wp\/v2\/types\/page"}],"author":[{"embeddable":true,"href":"https:\/\/charta-thesauri.de\/index.php\/wp-json\/wp\/v2\/users\/1"}],"replies":[{"embeddable":true,"href":"https:\/\/charta-thesauri.de\/index.php\/wp-json\/wp\/v2\/comments?post=162"}],"version-history":[{"count":26,"href":"https:\/\/charta-thesauri.de\/index.php\/wp-json\/wp\/v2\/pages\/162\/revisions"}],"predecessor-version":[{"id":848,"href":"https:\/\/charta-thesauri.de\/index.php\/wp-json\/wp\/v2\/pages\/162\/revisions\/848"}],"wp:attachment":[{"href":"https:\/\/charta-thesauri.de\/index.php\/wp-json\/wp\/v2\/media?parent=162"}],"curies":[{"name":"wp","href":"https:\/\/api.w.org\/{rel}","templated":true}]}}