

{"id":28,"date":"2025-08-25T15:17:13","date_gmt":"2025-08-25T13:17:13","guid":{"rendered":"https:\/\/charta-thesauri.de\/?page_id=28"},"modified":"2025-08-25T18:30:55","modified_gmt":"2025-08-25T16:30:55","slug":"widerrufsbelehrung","status":"publish","type":"page","link":"https:\/\/charta-thesauri.de\/index.php\/widerrufsbelehrung\/","title":{"rendered":"Widerrufsbelehrung (Dienstleistungen) &amp; Widerrufsformular"},"content":{"rendered":"\n<p>Verbrauchern steht ein Widerrufsrecht nach folgender Ma\u00dfgabe zu, wobei Verbraucher jede nat\u00fcrliche Person ist, die ein Rechtsgesch\u00e4ft zu Zwecken abschlie\u00dft, die \u00fcberwiegend weder ihrer gewerblichen noch ihrer selbst\u00e4ndigen beruflichen T\u00e4tigkeit zugerechnet werden k\u00f6nnen:<\/p>\n\n\n\n<h2 class=\"wp-block-heading\">A. Widerrufsbelehrung (Dienstleistungen)<\/h2>\n\n\n\n<h3 class=\"wp-block-heading\">Widerrufsrecht<\/h3>\n\n\n\n<p>Sie haben das Recht, binnen vierzehn Tagen ohne Angabe von Gr\u00fcnden diesen Vertrag zu widerrufen.<\/p>\n\n\n\n<p>Die Widerrufsfrist betr\u00e4gt vierzehn Tage ab dem Tag des Vertragsabschlusses.<\/p>\n\n\n\n<p>Um Ihr Widerrufsrecht auszu\u00fcben, m\u00fcssen Sie uns (Kai Behncke, gGmbH Behncke Umweltschutz und Lebenshilfe, Am Wulberg 15, 49324 Melle, Deutschland, Tel.: 0176-84019660, E-Mail: info@umweltschutz-und-lebenshilfe.de) mittels einer eindeutigen Erkl\u00e4rung (z. B. ein mit der Post versandter Brief oder E-Mail) \u00fcber Ihren Entschluss, diesen Vertrag zu widerrufen, informieren.<\/p>\n\n\n\n<p>Sie k\u00f6nnen daf\u00fcr das beigef\u00fcgte Muster-Widerrufsformular verwenden, das jedoch nicht vorgeschrieben ist.<\/p>\n\n\n\n<p>Zur Wahrung der Widerrufsfrist reicht es aus, dass Sie die Mitteilung \u00fcber die Aus\u00fcbung des Widerrufsrechts vor Ablauf der Widerrufsfrist absenden.<\/p>\n\n\n\n<h3 class=\"wp-block-heading\">Folgen des Widerrufs<\/h3>\n\n\n\n<p>Wenn Sie diesen Vertrag widerrufen, haben wir Ihnen alle Zahlungen, die wir von Ihnen erhalten haben, einschlie\u00dflich der Lieferkosten (mit Ausnahme der zus\u00e4tzlichen Kosten, die sich daraus ergeben, dass Sie eine andere Art der Lieferung als die von uns angebotene, g\u00fcnstigste Standardlieferung gew\u00e4hlt haben), unverz\u00fcglich und sp\u00e4testens binnen vierzehn Tagen ab dem Tag zur\u00fcckzuzahlen, an dem die Mitteilung \u00fcber Ihren Widerruf dieses Vertrags bei uns eingegangen ist. F\u00fcr diese R\u00fcckzahlung verwenden wir dasselbe Zahlungsmittel, das Sie bei der urspr\u00fcnglichen Transaktion eingesetzt haben, es sei denn, mit Ihnen wurde ausdr\u00fccklich etwas anderes vereinbart; in keinem Fall werden Ihnen wegen dieser R\u00fcckzahlung Entgelte berechnet.<\/p>\n\n\n\n<p>Haben Sie verlangt, dass die Dienstleistungen w\u00e4hrend der Widerrufsfrist beginnen sollen, so haben Sie uns einen angemessenen Betrag zu zahlen, der dem Anteil der bis zu dem Zeitpunkt, zu dem Sie uns von der Aus\u00fcbung des Widerrufsrechts hinsichtlich dieses Vertrags unterrichten, bereits erbrachten Dienstleistungen im Vergleich zum Gesamtumfang der im Vertrag vorgesehenen Dienstleistungen entspricht.<\/p>\n\n\n\n<h3 class=\"wp-block-heading\">Ausschluss bzw. vorzeitiges Erl\u00f6schen des Widerrufsrechts<\/h3>\n\n\n\n<p>Das Widerrufsrecht erlischt vorzeitig, wenn wir die Dienstleistung vollst\u00e4ndig erbracht haben und wir mit der Ausf\u00fchrung der Dienstleistung erst begonnen haben, nachdem Sie dazu Ihre ausdr\u00fcckliche Zustimmung gegeben haben und gleichzeitig Ihre Kenntnis davon best\u00e4tigt haben, dass Sie Ihr Widerrufsrecht bei vollst\u00e4ndiger Vertragserf\u00fcllung durch uns verlieren.<\/p>\n\n\n\n<h2 class=\"wp-block-heading\">B. Widerrufsformular<\/h2>\n\n\n\n<p>Wenn Sie den Vertrag widerrufen wollen, dann f\u00fcllen Sie bitte dieses Formular aus und senden es zur\u00fcck.<\/p>\n\n\n\n<p>An<\/p>\n\n\n\n<p>Dr. Kai Behncke<br>gGmbH Behncke Umweltschutz und Lebenshilfe<br>Am Wulberg 15<br>49324 Melle<br>Deutschland<\/p>\n\n\n\n<p>E-Mail: info@umweltschutz-und-lebenshilfe.de<\/p>\n\n\n\n<p>Hiermit widerrufe(n) ich\/wir (*) den von mir\/uns (*) abgeschlossenen Vertrag \u00fcber den Kauf der folgenden Waren (*) \/ die Erbringung der folgenden Dienstleistung (*)<\/p>\n\n\n\n<p>_______________________________________________________<\/p>\n\n\n\n<p>_______________________________________________________<\/p>\n\n\n\n<p>Bestellt am (*) ____________ \/ erhalten am (*) __________________<\/p>\n\n\n\n<p>________________________________________________________<br>Name des\/der Verbraucher(s)<\/p>\n\n\n\n<p>________________________________________________________<br>Anschrift des\/der Verbraucher(s)<\/p>\n\n\n\n<p>________________________________________________________<br>Unterschrift des\/der Verbraucher(s) (nur bei Mitteilung auf Papier)<\/p>\n\n\n\n<p>_________________________<br>Datum<\/p>\n\n\n\n<p>(*) Unzutreffendes streichen<\/p>\n","protected":false},"excerpt":{"rendered":"<p>Verbrauchern steht ein Widerrufsrecht nach folgender Ma\u00dfgabe zu, wobei Verbraucher jede nat\u00fcrliche Person ist, die ein Rechtsgesch\u00e4ft zu Zwecken abschlie\u00dft, die \u00fcberwiegend weder ihrer gewerblichen noch ihrer selbst\u00e4ndigen beruflichen T\u00e4tigkeit zugerechnet werden k\u00f6nnen: A. Widerrufsbelehrung (Dienstleistungen) Widerrufsrecht Sie haben das Recht, binnen vierzehn Tagen ohne Angabe von Gr\u00fcnden diesen Vertrag zu widerrufen. Die Widerrufsfrist betr\u00e4gt vierzehn Tage ab dem Tag des Vertragsabschlusses. Um Ihr Widerrufsrecht auszu\u00fcben, m\u00fcssen Sie uns (Kai Behncke, gGmbH Behncke Umweltschutz und Lebenshilfe, Am Wulberg 15, 49324 Melle, Deutschland, Tel.: 0176-84019660, E-Mail: info@umweltschutz-und-lebenshilfe.de) mittels einer eindeutigen Erkl\u00e4rung (z. B. ein mit der Post versandter Brief oder E-Mail) \u00fcber Ihren Entschluss, diesen Vertrag zu widerrufen, informieren. Sie k\u00f6nnen daf\u00fcr das beigef\u00fcgte Muster-Widerrufsformular verwenden, das jedoch nicht vorgeschrieben ist. Zur Wahrung der Widerrufsfrist reicht es aus, dass Sie die Mitteilung \u00fcber die Aus\u00fcbung des Widerrufsrechts vor Ablauf der Widerrufsfrist absenden. Folgen des Widerrufs Wenn Sie diesen Vertrag widerrufen, haben wir Ihnen alle Zahlungen, die wir von Ihnen erhalten haben, einschlie\u00dflich der Lieferkosten (mit Ausnahme der zus\u00e4tzlichen Kosten, die sich daraus ergeben, dass Sie eine andere Art der Lieferung als die von uns angebotene, g\u00fcnstigste Standardlieferung gew\u00e4hlt haben), unverz\u00fcglich und sp\u00e4testens binnen vierzehn Tagen ab dem Tag zur\u00fcckzuzahlen, an dem die Mitteilung \u00fcber Ihren Widerruf dieses Vertrags bei uns eingegangen ist. F\u00fcr diese R\u00fcckzahlung verwenden wir dasselbe Zahlungsmittel, das Sie bei der urspr\u00fcnglichen Transaktion eingesetzt haben, es sei denn, mit Ihnen wurde ausdr\u00fccklich etwas anderes vereinbart; in keinem Fall werden Ihnen wegen dieser R\u00fcckzahlung Entgelte berechnet. Haben Sie verlangt, dass die Dienstleistungen w\u00e4hrend der Widerrufsfrist beginnen sollen, so haben Sie uns einen angemessenen Betrag zu zahlen, der dem Anteil der bis zu dem Zeitpunkt, zu dem Sie uns von der Aus\u00fcbung des Widerrufsrechts hinsichtlich dieses Vertrags unterrichten, bereits erbrachten Dienstleistungen im Vergleich zum Gesamtumfang der im Vertrag vorgesehenen Dienstleistungen entspricht. Ausschluss bzw. vorzeitiges Erl\u00f6schen des Widerrufsrechts Das Widerrufsrecht erlischt vorzeitig, wenn wir die Dienstleistung vollst\u00e4ndig erbracht haben und wir mit der Ausf\u00fchrung der Dienstleistung erst begonnen haben, nachdem Sie dazu Ihre ausdr\u00fcckliche Zustimmung gegeben haben und gleichzeitig Ihre Kenntnis davon best\u00e4tigt haben, dass Sie Ihr Widerrufsrecht bei vollst\u00e4ndiger Vertragserf\u00fcllung durch uns verlieren. B. Widerrufsformular Wenn Sie den Vertrag widerrufen wollen, dann f\u00fcllen Sie bitte dieses Formular aus und senden es zur\u00fcck. An Dr. Kai BehnckegGmbH Behncke Umweltschutz und LebenshilfeAm Wulberg 1549324 MelleDeutschland E-Mail: info@umweltschutz-und-lebenshilfe.de Hiermit widerrufe(n) ich\/wir (*) den von mir\/uns (*) abgeschlossenen Vertrag \u00fcber den Kauf der folgenden Waren (*) \/ die Erbringung der folgenden Dienstleistung (*) _______________________________________________________ _______________________________________________________ Bestellt am (*) ____________ \/ erhalten am (*) __________________ ________________________________________________________Name des\/der Verbraucher(s) ________________________________________________________Anschrift des\/der Verbraucher(s) ________________________________________________________Unterschrift des\/der Verbraucher(s) (nur bei Mitteilung auf Papier) _________________________Datum (*) Unzutreffendes streichen<\/p>\n","protected":false},"author":1,"featured_media":0,"parent":0,"menu_order":0,"comment_status":"closed","ping_status":"closed","template":"","meta":{"footnotes":""},"class_list":["post-28","page","type-page","status-publish","hentry"],"yoast_head":"<!-- This site is optimized with the Yoast SEO Premium plugin v26.6 (Yoast SEO v26.6) - https:\/\/yoast.com\/wordpress\/plugins\/seo\/ -->\n<title>Widerrufsbelehrung (Dienstleistungen) &amp; Widerrufsformular - Charta thesauri<\/title>\n<meta name=\"robots\" content=\"index, follow, max-snippet:-1, max-image-preview:large, max-video-preview:-1\" \/>\n<link rel=\"canonical\" href=\"https:\/\/charta-thesauri.de\/index.php\/widerrufsbelehrung\/\" \/>\n<meta property=\"og:locale\" content=\"de_DE\" \/>\n<meta property=\"og:type\" content=\"article\" \/>\n<meta property=\"og:title\" content=\"Widerrufsbelehrung (Dienstleistungen) &amp; Widerrufsformular\" \/>\n<meta property=\"og:description\" content=\"Verbrauchern steht ein Widerrufsrecht nach folgender Ma\u00dfgabe zu, wobei Verbraucher jede nat\u00fcrliche Person ist, die ein Rechtsgesch\u00e4ft zu Zwecken abschlie\u00dft, die \u00fcberwiegend weder ihrer gewerblichen noch ihrer selbst\u00e4ndigen beruflichen T\u00e4tigkeit zugerechnet werden k\u00f6nnen: A. Widerrufsbelehrung (Dienstleistungen) Widerrufsrecht Sie haben das Recht, binnen vierzehn Tagen ohne Angabe von Gr\u00fcnden diesen Vertrag zu widerrufen. Die Widerrufsfrist betr\u00e4gt vierzehn Tage ab dem Tag des Vertragsabschlusses. Um Ihr Widerrufsrecht auszu\u00fcben, m\u00fcssen Sie uns (Kai Behncke, gGmbH Behncke Umweltschutz und Lebenshilfe, Am Wulberg 15, 49324 Melle, Deutschland, Tel.: 0176-84019660, E-Mail: info@umweltschutz-und-lebenshilfe.de) mittels einer eindeutigen Erkl\u00e4rung (z. B. ein mit der Post versandter Brief oder E-Mail) \u00fcber Ihren Entschluss, diesen Vertrag zu widerrufen, informieren. Sie k\u00f6nnen daf\u00fcr das beigef\u00fcgte Muster-Widerrufsformular verwenden, das jedoch nicht vorgeschrieben ist. Zur Wahrung der Widerrufsfrist reicht es aus, dass Sie die Mitteilung \u00fcber die Aus\u00fcbung des Widerrufsrechts vor Ablauf der Widerrufsfrist absenden. Folgen des Widerrufs Wenn Sie diesen Vertrag widerrufen, haben wir Ihnen alle Zahlungen, die wir von Ihnen erhalten haben, einschlie\u00dflich der Lieferkosten (mit Ausnahme der zus\u00e4tzlichen Kosten, die sich daraus ergeben, dass Sie eine andere Art der Lieferung als die von uns angebotene, g\u00fcnstigste Standardlieferung gew\u00e4hlt haben), unverz\u00fcglich und sp\u00e4testens binnen vierzehn Tagen ab dem Tag zur\u00fcckzuzahlen, an dem die Mitteilung \u00fcber Ihren Widerruf dieses Vertrags bei uns eingegangen ist. F\u00fcr diese R\u00fcckzahlung verwenden wir dasselbe Zahlungsmittel, das Sie bei der urspr\u00fcnglichen Transaktion eingesetzt haben, es sei denn, mit Ihnen wurde ausdr\u00fccklich etwas anderes vereinbart; in keinem Fall werden Ihnen wegen dieser R\u00fcckzahlung Entgelte berechnet. Haben Sie verlangt, dass die Dienstleistungen w\u00e4hrend der Widerrufsfrist beginnen sollen, so haben Sie uns einen angemessenen Betrag zu zahlen, der dem Anteil der bis zu dem Zeitpunkt, zu dem Sie uns von der Aus\u00fcbung des Widerrufsrechts hinsichtlich dieses Vertrags unterrichten, bereits erbrachten Dienstleistungen im Vergleich zum Gesamtumfang der im Vertrag vorgesehenen Dienstleistungen entspricht. Ausschluss bzw. vorzeitiges Erl\u00f6schen des Widerrufsrechts Das Widerrufsrecht erlischt vorzeitig, wenn wir die Dienstleistung vollst\u00e4ndig erbracht haben und wir mit der Ausf\u00fchrung der Dienstleistung erst begonnen haben, nachdem Sie dazu Ihre ausdr\u00fcckliche Zustimmung gegeben haben und gleichzeitig Ihre Kenntnis davon best\u00e4tigt haben, dass Sie Ihr Widerrufsrecht bei vollst\u00e4ndiger Vertragserf\u00fcllung durch uns verlieren. B. Widerrufsformular Wenn Sie den Vertrag widerrufen wollen, dann f\u00fcllen Sie bitte dieses Formular aus und senden es zur\u00fcck. An Dr. Kai BehnckegGmbH Behncke Umweltschutz und LebenshilfeAm Wulberg 1549324 MelleDeutschland E-Mail: info@umweltschutz-und-lebenshilfe.de Hiermit widerrufe(n) ich\/wir (*) den von mir\/uns (*) abgeschlossenen Vertrag \u00fcber den Kauf der folgenden Waren (*) \/ die Erbringung der folgenden Dienstleistung (*) _______________________________________________________ _______________________________________________________ Bestellt am (*) ____________ \/ erhalten am (*) __________________ ________________________________________________________Name des\/der Verbraucher(s) ________________________________________________________Anschrift des\/der Verbraucher(s) ________________________________________________________Unterschrift des\/der Verbraucher(s) (nur bei Mitteilung auf Papier) _________________________Datum (*) Unzutreffendes streichen\" \/>\n<meta property=\"og:url\" content=\"https:\/\/charta-thesauri.de\/index.php\/widerrufsbelehrung\/\" \/>\n<meta property=\"og:site_name\" content=\"Charta thesauri\" \/>\n<meta property=\"article:modified_time\" content=\"2025-08-25T16:30:55+00:00\" \/>\n<meta name=\"twitter:card\" content=\"summary_large_image\" \/>\n<meta name=\"twitter:label1\" content=\"Gesch\u00e4tzte Lesezeit\" \/>\n\t<meta name=\"twitter:data1\" content=\"2\u00a0Minuten\" \/>\n<script type=\"application\/ld+json\" class=\"yoast-schema-graph\">{\"@context\":\"https:\/\/schema.org\",\"@graph\":[{\"@type\":\"WebPage\",\"@id\":\"https:\/\/charta-thesauri.de\/index.php\/widerrufsbelehrung\/\",\"url\":\"https:\/\/charta-thesauri.de\/index.php\/widerrufsbelehrung\/\",\"name\":\"Widerrufsbelehrung (Dienstleistungen) &amp; Widerrufsformular - Charta thesauri\",\"isPartOf\":{\"@id\":\"https:\/\/charta-thesauri.de\/#website\"},\"datePublished\":\"2025-08-25T13:17:13+00:00\",\"dateModified\":\"2025-08-25T16:30:55+00:00\",\"breadcrumb\":{\"@id\":\"https:\/\/charta-thesauri.de\/index.php\/widerrufsbelehrung\/#breadcrumb\"},\"inLanguage\":\"de\",\"potentialAction\":[{\"@type\":\"ReadAction\",\"target\":[\"https:\/\/charta-thesauri.de\/index.php\/widerrufsbelehrung\/\"]}]},{\"@type\":\"BreadcrumbList\",\"@id\":\"https:\/\/charta-thesauri.de\/index.php\/widerrufsbelehrung\/#breadcrumb\",\"itemListElement\":[{\"@type\":\"ListItem\",\"position\":1,\"name\":\"Startseite\",\"item\":\"https:\/\/charta-thesauri.de\/\"},{\"@type\":\"ListItem\",\"position\":2,\"name\":\"Widerrufsbelehrung (Dienstleistungen) &amp; Widerrufsformular\"}]},{\"@type\":\"WebSite\",\"@id\":\"https:\/\/charta-thesauri.de\/#website\",\"url\":\"https:\/\/charta-thesauri.de\/\",\"name\":\"Charta thesauri\",\"description\":\"test test\",\"potentialAction\":[{\"@type\":\"SearchAction\",\"target\":{\"@type\":\"EntryPoint\",\"urlTemplate\":\"https:\/\/charta-thesauri.de\/?s={search_term_string}\"},\"query-input\":{\"@type\":\"PropertyValueSpecification\",\"valueRequired\":true,\"valueName\":\"search_term_string\"}}],\"inLanguage\":\"de\"}]}<\/script>\n<!-- \/ Yoast SEO Premium plugin. -->","yoast_head_json":{"title":"Widerrufsbelehrung (Dienstleistungen) &amp; Widerrufsformular - Charta thesauri","robots":{"index":"index","follow":"follow","max-snippet":"max-snippet:-1","max-image-preview":"max-image-preview:large","max-video-preview":"max-video-preview:-1"},"canonical":"https:\/\/charta-thesauri.de\/index.php\/widerrufsbelehrung\/","og_locale":"de_DE","og_type":"article","og_title":"Widerrufsbelehrung (Dienstleistungen) &amp; Widerrufsformular","og_description":"Verbrauchern steht ein Widerrufsrecht nach folgender Ma\u00dfgabe zu, wobei Verbraucher jede nat\u00fcrliche Person ist, die ein Rechtsgesch\u00e4ft zu Zwecken abschlie\u00dft, die \u00fcberwiegend weder ihrer gewerblichen noch ihrer selbst\u00e4ndigen beruflichen T\u00e4tigkeit zugerechnet werden k\u00f6nnen: A. Widerrufsbelehrung (Dienstleistungen) Widerrufsrecht Sie haben das Recht, binnen vierzehn Tagen ohne Angabe von Gr\u00fcnden diesen Vertrag zu widerrufen. Die Widerrufsfrist betr\u00e4gt vierzehn Tage ab dem Tag des Vertragsabschlusses. Um Ihr Widerrufsrecht auszu\u00fcben, m\u00fcssen Sie uns (Kai Behncke, gGmbH Behncke Umweltschutz und Lebenshilfe, Am Wulberg 15, 49324 Melle, Deutschland, Tel.: 0176-84019660, E-Mail: info@umweltschutz-und-lebenshilfe.de) mittels einer eindeutigen Erkl\u00e4rung (z. B. ein mit der Post versandter Brief oder E-Mail) \u00fcber Ihren Entschluss, diesen Vertrag zu widerrufen, informieren. Sie k\u00f6nnen daf\u00fcr das beigef\u00fcgte Muster-Widerrufsformular verwenden, das jedoch nicht vorgeschrieben ist. Zur Wahrung der Widerrufsfrist reicht es aus, dass Sie die Mitteilung \u00fcber die Aus\u00fcbung des Widerrufsrechts vor Ablauf der Widerrufsfrist absenden. Folgen des Widerrufs Wenn Sie diesen Vertrag widerrufen, haben wir Ihnen alle Zahlungen, die wir von Ihnen erhalten haben, einschlie\u00dflich der Lieferkosten (mit Ausnahme der zus\u00e4tzlichen Kosten, die sich daraus ergeben, dass Sie eine andere Art der Lieferung als die von uns angebotene, g\u00fcnstigste Standardlieferung gew\u00e4hlt haben), unverz\u00fcglich und sp\u00e4testens binnen vierzehn Tagen ab dem Tag zur\u00fcckzuzahlen, an dem die Mitteilung \u00fcber Ihren Widerruf dieses Vertrags bei uns eingegangen ist. F\u00fcr diese R\u00fcckzahlung verwenden wir dasselbe Zahlungsmittel, das Sie bei der urspr\u00fcnglichen Transaktion eingesetzt haben, es sei denn, mit Ihnen wurde ausdr\u00fccklich etwas anderes vereinbart; in keinem Fall werden Ihnen wegen dieser R\u00fcckzahlung Entgelte berechnet. Haben Sie verlangt, dass die Dienstleistungen w\u00e4hrend der Widerrufsfrist beginnen sollen, so haben Sie uns einen angemessenen Betrag zu zahlen, der dem Anteil der bis zu dem Zeitpunkt, zu dem Sie uns von der Aus\u00fcbung des Widerrufsrechts hinsichtlich dieses Vertrags unterrichten, bereits erbrachten Dienstleistungen im Vergleich zum Gesamtumfang der im Vertrag vorgesehenen Dienstleistungen entspricht. Ausschluss bzw. vorzeitiges Erl\u00f6schen des Widerrufsrechts Das Widerrufsrecht erlischt vorzeitig, wenn wir die Dienstleistung vollst\u00e4ndig erbracht haben und wir mit der Ausf\u00fchrung der Dienstleistung erst begonnen haben, nachdem Sie dazu Ihre ausdr\u00fcckliche Zustimmung gegeben haben und gleichzeitig Ihre Kenntnis davon best\u00e4tigt haben, dass Sie Ihr Widerrufsrecht bei vollst\u00e4ndiger Vertragserf\u00fcllung durch uns verlieren. B. Widerrufsformular Wenn Sie den Vertrag widerrufen wollen, dann f\u00fcllen Sie bitte dieses Formular aus und senden es zur\u00fcck. An Dr. Kai BehnckegGmbH Behncke Umweltschutz und LebenshilfeAm Wulberg 1549324 MelleDeutschland E-Mail: info@umweltschutz-und-lebenshilfe.de Hiermit widerrufe(n) ich\/wir (*) den von mir\/uns (*) abgeschlossenen Vertrag \u00fcber den Kauf der folgenden Waren (*) \/ die Erbringung der folgenden Dienstleistung (*) _______________________________________________________ _______________________________________________________ Bestellt am (*) ____________ \/ erhalten am (*) __________________ ________________________________________________________Name des\/der Verbraucher(s) ________________________________________________________Anschrift des\/der Verbraucher(s) ________________________________________________________Unterschrift des\/der Verbraucher(s) (nur bei Mitteilung auf Papier) _________________________Datum (*) Unzutreffendes streichen","og_url":"https:\/\/charta-thesauri.de\/index.php\/widerrufsbelehrung\/","og_site_name":"Charta thesauri","article_modified_time":"2025-08-25T16:30:55+00:00","twitter_card":"summary_large_image","twitter_misc":{"Gesch\u00e4tzte Lesezeit":"2\u00a0Minuten"},"schema":{"@context":"https:\/\/schema.org","@graph":[{"@type":"WebPage","@id":"https:\/\/charta-thesauri.de\/index.php\/widerrufsbelehrung\/","url":"https:\/\/charta-thesauri.de\/index.php\/widerrufsbelehrung\/","name":"Widerrufsbelehrung (Dienstleistungen) &amp; Widerrufsformular - Charta thesauri","isPartOf":{"@id":"https:\/\/charta-thesauri.de\/#website"},"datePublished":"2025-08-25T13:17:13+00:00","dateModified":"2025-08-25T16:30:55+00:00","breadcrumb":{"@id":"https:\/\/charta-thesauri.de\/index.php\/widerrufsbelehrung\/#breadcrumb"},"inLanguage":"de","potentialAction":[{"@type":"ReadAction","target":["https:\/\/charta-thesauri.de\/index.php\/widerrufsbelehrung\/"]}]},{"@type":"BreadcrumbList","@id":"https:\/\/charta-thesauri.de\/index.php\/widerrufsbelehrung\/#breadcrumb","itemListElement":[{"@type":"ListItem","position":1,"name":"Startseite","item":"https:\/\/charta-thesauri.de\/"},{"@type":"ListItem","position":2,"name":"Widerrufsbelehrung (Dienstleistungen) &amp; Widerrufsformular"}]},{"@type":"WebSite","@id":"https:\/\/charta-thesauri.de\/#website","url":"https:\/\/charta-thesauri.de\/","name":"Charta thesauri","description":"test test","potentialAction":[{"@type":"SearchAction","target":{"@type":"EntryPoint","urlTemplate":"https:\/\/charta-thesauri.de\/?s={search_term_string}"},"query-input":{"@type":"PropertyValueSpecification","valueRequired":true,"valueName":"search_term_string"}}],"inLanguage":"de"}]}},"acf":[],"_links":{"self":[{"href":"https:\/\/charta-thesauri.de\/index.php\/wp-json\/wp\/v2\/pages\/28","targetHints":{"allow":["GET"]}}],"collection":[{"href":"https:\/\/charta-thesauri.de\/index.php\/wp-json\/wp\/v2\/pages"}],"about":[{"href":"https:\/\/charta-thesauri.de\/index.php\/wp-json\/wp\/v2\/types\/page"}],"author":[{"embeddable":true,"href":"https:\/\/charta-thesauri.de\/index.php\/wp-json\/wp\/v2\/users\/1"}],"replies":[{"embeddable":true,"href":"https:\/\/charta-thesauri.de\/index.php\/wp-json\/wp\/v2\/comments?post=28"}],"version-history":[{"count":3,"href":"https:\/\/charta-thesauri.de\/index.php\/wp-json\/wp\/v2\/pages\/28\/revisions"}],"predecessor-version":[{"id":84,"href":"https:\/\/charta-thesauri.de\/index.php\/wp-json\/wp\/v2\/pages\/28\/revisions\/84"}],"wp:attachment":[{"href":"https:\/\/charta-thesauri.de\/index.php\/wp-json\/wp\/v2\/media?parent=28"}],"curies":[{"name":"wp","href":"https:\/\/api.w.org\/{rel}","templated":true}]}}