

{"id":47,"date":"2025-08-25T15:24:21","date_gmt":"2025-08-25T13:24:21","guid":{"rendered":"https:\/\/charta-thesauri.de\/?page_id=47"},"modified":"2025-10-30T18:36:33","modified_gmt":"2025-10-30T17:36:33","slug":"kartenmaterial","status":"publish","type":"page","link":"https:\/\/charta-thesauri.de\/index.php\/kartenmaterial\/","title":{"rendered":"Kartenmaterial"},"content":{"rendered":"\n<figure class=\"wp-block-image size-full\"><img loading=\"lazy\" decoding=\"async\" width=\"122\" height=\"102\" src=\"https:\/\/charta-thesauri.de\/wp-content\/uploads\/2025\/09\/logo-BLFLynhM.png\" alt=\"\" class=\"wp-image-159\"\/><\/figure>\n\n\n\n<p>Verwende f\u00fcr diese Webseite (insbesondere f\u00fcr die Kartenanwendung) bitte den <strong>Firefox-Browser<\/strong>. Die Kartenanwendung ist f\u00fcr einen <strong>Desktop-PC<\/strong> programmiert (f\u00fcr den Fall, dass Du eine Anwendung f\u00fcr <strong>Dein Handy<\/strong> suchst, so schaue bitte hier: <a href=\"https:\/\/charta-thesauri.de\/index.php\/mobile-anwendung\" target=\"_blank\" rel=\"noreferrer noopener\">https:\/\/charta-thesauri.de\/index.php\/mobile-anwendung<\/a>\/).<\/p>\n\n\n\n<p>Zur Kartenanwendung gelangst Du hier: <a href=\"https:\/\/charta-thesauri.de\/geodaten\/\" target=\"_blank\" rel=\"noreferrer noopener\">https:\/\/charta-thesauri.de\/geodaten\/<\/a><\/p>\n\n\n\n<p>In die WebGIS-Anwendung-Anwendung von Charta thesauri ist folgendes Kartenmaterial (mit den nachfolgend genannten Lizenzen) eingebunden:<\/p>\n\n\n\n<p>Nachfolgende genannte Daten des LGLN (Landesamt f\u00fcr Geoinformation und Landesvermessung Niedersachsen):<\/p>\n\n\n\n<ul class=\"wp-block-list\">\n<li>Topographische Karte 1:100.000 Niedersachsen \u00a9 GeoBasis-DE\/LGLN 2025, Lizenz \u201eCreative Commons\u201c (CC-BY 4.0)<\/li>\n\n\n\n<li>Topographische Karte 1:25.000 Niedersachsen \u00a9 GeoBasis-DE\/LGLN 2025, Lizenz \u201eCreative Commons\u201c (CC-BY 4.0)<\/li>\n\n\n\n<li>Amtliche Basiskarte 1:5000 Niedersachsen \u00a9 GeoBasis-DE\/LGLN 2025, Lizenz \u201eCreative Commons\u201c (CC-BY 4.0)<\/li>\n\n\n\n<li>Liegenschaftsdaten Niedersachsen \u00a9 GeoBasis-DE\/LGLN 2025, Lizenz \u201eCreative Commons\u201c (CC-BY 4.0)<\/li>\n\n\n\n<li>Aktuelle Luftbilder \u00a9 GeoBasis-DE\/LGLN 2025<\/li>\n\n\n\n<li>Digitales Gel\u00e4ndemodell 20cm-Aufl\u00f6sung \u00a9 GeoBasis-DE\/LGLN 2025<\/li>\n\n\n\n<li>Preu\u00dfische Landesaufnahme (1877-1912) \u00a9 GeoBasis-DE\/LGLN 2025<\/li>\n\n\n\n<li>Gau\u00dfsche Landesaufnahme LK Osnabr\u00fcck (1827 bis 1861) (&#8222;Topographische Karte der Landdrostei Osnabr\u00fcck&#8220;), \u00a9 GeoBasis-DE\/LGLN 2025, ver\u00e4ndert durch gGmbH Behncke Umweltschutz und Lebenshilfe 2025<\/li>\n\n\n\n<li>Luftbilder der Jahre 2005, 2010 &#8211; 2025 \u00a9 GeoBasis-DE\/LGLN, Lizenz \u201eCreative Commons\u201c (CC-BY 4.0)<\/li>\n<\/ul>\n\n\n\n<p><\/p>\n\n\n\n<ul class=\"wp-block-list\">\n<li>OpenStreetMap-Daten (Open Database License (ODbL)) <a href=\"https:\/\/opendatacommons.org\/licenses\/odbl\/\">https:\/\/opendatacommons.org\/licenses\/odbl\/<\/a><\/li>\n\n\n\n<li>Landesamt f\u00fcr Denkmalpflege Niedersachsen (Kartenebenen Baudenkmale, Arch\u00e4ologische Denkmale). \u00a9 Landesamt f\u00fcr Denkmalpflege Niedersachsen 2025, Lizenz \u201eCreative Commons\u201c (CC-BY 4.0)<\/li>\n\n\n\n<li>Luftbilder der Firma Google, \u00a9 Google, Airbus, GeoBasis-DE\/BGK, Landsat \/ Copernicus, Maxar Technologies<\/li>\n\n\n\n<li>Luftbilder der Firma Microsoft, \u00a9 Tomtom, Microsoft 2025<\/li>\n\n\n\n<li>Ehrenamtlich erhobene Daten durch unterschiedliche NutzerInnen der Plattform &#8222;Charta thesauri&#8220;, @ gGmbH Behncke Umweltschutz und Lebenshilfe, Lizenz: Creative Commons (CC-BY 4.0)<\/li>\n<\/ul>\n\n\n\n<h2 class=\"wp-block-heading\" id=\"landdrostei\">Warum sind die topographische Karte der Landdrostei Osnabr\u00fcck (1827 bis 1861) teilweise etwas verzerrt?<\/h2>\n\n\n\n<p>Die Datenerfassung entsprach damals nicht den heute \u00fcblichen Erfassungsmethoden. Man kann die einzelnen Kartenkacheln mit einem zusammengen\u00e4hten Tischtuch vergleichen, welches an der einen Stelle des Tisches zu kurz und an anderer Stelle zu lang ist. Zieht man jedoch an der einen Stelle, dann passt es dort zwar recht genau, daf\u00fcr treten an anderen Stellen jedoch wiederum Ungenauigkeiten auf. Eine fl\u00e4chenumfassende Lagegenauigkeit ist auf Basis dieser Daten schlichtweg nicht m\u00f6glich. <\/p>\n\n\n\n<p>Zudem hat sich, wie durch die Karte offensichtlich wird, die kartografische Semantik f\u00fcr einzelne Segmente (z.B. Stra\u00dfen) schon damals auf teilweise nebeneinanderliegenden Kacheln unterschieden. Auf Basis der entsprechenden Karte kann es zu Abweichungen von der Realit\u00e4t von bis zu 60 Metern kommen (selbst innerhalb damals erfasster einzelner Messtischbl\u00e4tter).<\/p>\n\n\n\n<p>Das Grundproblem wird durch untige Abbildungen deutlich. Dennoch wurde versucht, die unterschiedlichen Messtischbl\u00e4tter so gut wie m\u00f6glich zu georeferenzieren und aneinanderzuh\u00e4ngen. Bedenkt man, dass diese Karten vor fast 200 Jahren aufgenommen wurden, so ist die Lagegenauigkeit schon durchaus beachtlich.<\/p>\n\n\n\n<figure class=\"wp-block-image size-full\"><img loading=\"lazy\" decoding=\"async\" width=\"700\" height=\"420\" src=\"https:\/\/charta-thesauri.de\/wp-content\/uploads\/2025\/09\/kachelproblem.png\" alt=\"\" class=\"wp-image-179\" srcset=\"https:\/\/charta-thesauri.de\/wp-content\/uploads\/2025\/09\/kachelproblem.png 700w, https:\/\/charta-thesauri.de\/wp-content\/uploads\/2025\/09\/kachelproblem-300x180.png 300w\" sizes=\"auto, (max-width: 700px) 100vw, 700px\" \/><\/figure>\n\n\n\n<\/br><\/br><\/br>\n\n\n\n<figure class=\"wp-block-image size-full\"><img loading=\"lazy\" decoding=\"async\" width=\"796\" height=\"478\" src=\"https:\/\/charta-thesauri.de\/wp-content\/uploads\/2025\/09\/kachelproblem2.png\" alt=\"\" class=\"wp-image-180\" srcset=\"https:\/\/charta-thesauri.de\/wp-content\/uploads\/2025\/09\/kachelproblem2.png 796w, https:\/\/charta-thesauri.de\/wp-content\/uploads\/2025\/09\/kachelproblem2-300x180.png 300w, https:\/\/charta-thesauri.de\/wp-content\/uploads\/2025\/09\/kachelproblem2-768x461.png 768w\" sizes=\"auto, (max-width: 796px) 100vw, 796px\" \/><\/figure>\n","protected":false},"excerpt":{"rendered":"<p>Verwende f\u00fcr diese Webseite (insbesondere f\u00fcr die Kartenanwendung) bitte den Firefox-Browser. Die Kartenanwendung ist f\u00fcr einen Desktop-PC programmiert (f\u00fcr den Fall, dass Du eine Anwendung f\u00fcr Dein Handy suchst, so schaue bitte hier: https:\/\/charta-thesauri.de\/index.php\/mobile-anwendung\/). Zur Kartenanwendung gelangst Du hier: https:\/\/charta-thesauri.de\/geodaten\/ In die WebGIS-Anwendung-Anwendung von Charta thesauri ist folgendes Kartenmaterial (mit den nachfolgend genannten Lizenzen) eingebunden: Nachfolgende genannte Daten des LGLN (Landesamt f\u00fcr Geoinformation und Landesvermessung Niedersachsen): Warum sind die topographische Karte der Landdrostei Osnabr\u00fcck (1827 bis 1861) teilweise etwas verzerrt? Die Datenerfassung entsprach damals nicht den heute \u00fcblichen Erfassungsmethoden. Man kann die einzelnen Kartenkacheln mit einem zusammengen\u00e4hten Tischtuch vergleichen, welches an der einen Stelle des Tisches zu kurz und an anderer Stelle zu lang ist. Zieht man jedoch an der einen Stelle, dann passt es dort zwar recht genau, daf\u00fcr treten an anderen Stellen jedoch wiederum Ungenauigkeiten auf. Eine fl\u00e4chenumfassende Lagegenauigkeit ist auf Basis dieser Daten schlichtweg nicht m\u00f6glich. Zudem hat sich, wie durch die Karte offensichtlich wird, die kartografische Semantik f\u00fcr einzelne Segmente (z.B. Stra\u00dfen) schon damals auf teilweise nebeneinanderliegenden Kacheln unterschieden. Auf Basis der entsprechenden Karte kann es zu Abweichungen von der Realit\u00e4t von bis zu 60 Metern kommen (selbst innerhalb damals erfasster einzelner Messtischbl\u00e4tter). Das Grundproblem wird durch untige Abbildungen deutlich. Dennoch wurde versucht, die unterschiedlichen Messtischbl\u00e4tter so gut wie m\u00f6glich zu georeferenzieren und aneinanderzuh\u00e4ngen. Bedenkt man, dass diese Karten vor fast 200 Jahren aufgenommen wurden, so ist die Lagegenauigkeit schon durchaus beachtlich.<\/p>\n","protected":false},"author":1,"featured_media":0,"parent":0,"menu_order":0,"comment_status":"closed","ping_status":"closed","template":"","meta":{"footnotes":""},"class_list":["post-47","page","type-page","status-publish","hentry"],"yoast_head":"<!-- This site is optimized with the Yoast SEO Premium plugin v26.6 (Yoast SEO v26.6) - https:\/\/yoast.com\/wordpress\/plugins\/seo\/ -->\n<title>Kartenmaterial - Charta thesauri<\/title>\n<meta name=\"robots\" content=\"index, follow, max-snippet:-1, max-image-preview:large, max-video-preview:-1\" \/>\n<link rel=\"canonical\" href=\"https:\/\/charta-thesauri.de\/index.php\/kartenmaterial\/\" \/>\n<meta property=\"og:locale\" content=\"de_DE\" \/>\n<meta property=\"og:type\" content=\"article\" \/>\n<meta property=\"og:title\" content=\"Kartenmaterial\" \/>\n<meta property=\"og:description\" content=\"Verwende f\u00fcr diese Webseite (insbesondere f\u00fcr die Kartenanwendung) bitte den Firefox-Browser. Die Kartenanwendung ist f\u00fcr einen Desktop-PC programmiert (f\u00fcr den Fall, dass Du eine Anwendung f\u00fcr Dein Handy suchst, so schaue bitte hier: https:\/\/charta-thesauri.de\/index.php\/mobile-anwendung\/). Zur Kartenanwendung gelangst Du hier: https:\/\/charta-thesauri.de\/geodaten\/ In die WebGIS-Anwendung-Anwendung von Charta thesauri ist folgendes Kartenmaterial (mit den nachfolgend genannten Lizenzen) eingebunden: Nachfolgende genannte Daten des LGLN (Landesamt f\u00fcr Geoinformation und Landesvermessung Niedersachsen): Warum sind die topographische Karte der Landdrostei Osnabr\u00fcck (1827 bis 1861) teilweise etwas verzerrt? Die Datenerfassung entsprach damals nicht den heute \u00fcblichen Erfassungsmethoden. Man kann die einzelnen Kartenkacheln mit einem zusammengen\u00e4hten Tischtuch vergleichen, welches an der einen Stelle des Tisches zu kurz und an anderer Stelle zu lang ist. Zieht man jedoch an der einen Stelle, dann passt es dort zwar recht genau, daf\u00fcr treten an anderen Stellen jedoch wiederum Ungenauigkeiten auf. Eine fl\u00e4chenumfassende Lagegenauigkeit ist auf Basis dieser Daten schlichtweg nicht m\u00f6glich. Zudem hat sich, wie durch die Karte offensichtlich wird, die kartografische Semantik f\u00fcr einzelne Segmente (z.B. Stra\u00dfen) schon damals auf teilweise nebeneinanderliegenden Kacheln unterschieden. Auf Basis der entsprechenden Karte kann es zu Abweichungen von der Realit\u00e4t von bis zu 60 Metern kommen (selbst innerhalb damals erfasster einzelner Messtischbl\u00e4tter). Das Grundproblem wird durch untige Abbildungen deutlich. Dennoch wurde versucht, die unterschiedlichen Messtischbl\u00e4tter so gut wie m\u00f6glich zu georeferenzieren und aneinanderzuh\u00e4ngen. Bedenkt man, dass diese Karten vor fast 200 Jahren aufgenommen wurden, so ist die Lagegenauigkeit schon durchaus beachtlich.\" \/>\n<meta property=\"og:url\" content=\"https:\/\/charta-thesauri.de\/index.php\/kartenmaterial\/\" \/>\n<meta property=\"og:site_name\" content=\"Charta thesauri\" \/>\n<meta property=\"article:modified_time\" content=\"2025-10-30T17:36:33+00:00\" \/>\n<meta property=\"og:image\" content=\"https:\/\/charta-thesauri.de\/wp-content\/uploads\/2025\/09\/logo-BLFLynhM.png\" \/>\n\t<meta property=\"og:image:width\" content=\"122\" \/>\n\t<meta property=\"og:image:height\" content=\"102\" \/>\n\t<meta property=\"og:image:type\" content=\"image\/png\" \/>\n<meta name=\"twitter:card\" content=\"summary_large_image\" \/>\n<meta name=\"twitter:label1\" content=\"Gesch\u00e4tzte Lesezeit\" \/>\n\t<meta name=\"twitter:data1\" content=\"3\u00a0Minuten\" \/>\n<script type=\"application\/ld+json\" class=\"yoast-schema-graph\">{\"@context\":\"https:\/\/schema.org\",\"@graph\":[{\"@type\":\"WebPage\",\"@id\":\"https:\/\/charta-thesauri.de\/index.php\/kartenmaterial\/\",\"url\":\"https:\/\/charta-thesauri.de\/index.php\/kartenmaterial\/\",\"name\":\"Kartenmaterial - Charta thesauri\",\"isPartOf\":{\"@id\":\"https:\/\/charta-thesauri.de\/#website\"},\"primaryImageOfPage\":{\"@id\":\"https:\/\/charta-thesauri.de\/index.php\/kartenmaterial\/#primaryimage\"},\"image\":{\"@id\":\"https:\/\/charta-thesauri.de\/index.php\/kartenmaterial\/#primaryimage\"},\"thumbnailUrl\":\"https:\/\/charta-thesauri.de\/wp-content\/uploads\/2025\/09\/logo-BLFLynhM.png\",\"datePublished\":\"2025-08-25T13:24:21+00:00\",\"dateModified\":\"2025-10-30T17:36:33+00:00\",\"breadcrumb\":{\"@id\":\"https:\/\/charta-thesauri.de\/index.php\/kartenmaterial\/#breadcrumb\"},\"inLanguage\":\"de\",\"potentialAction\":[{\"@type\":\"ReadAction\",\"target\":[\"https:\/\/charta-thesauri.de\/index.php\/kartenmaterial\/\"]}]},{\"@type\":\"ImageObject\",\"inLanguage\":\"de\",\"@id\":\"https:\/\/charta-thesauri.de\/index.php\/kartenmaterial\/#primaryimage\",\"url\":\"https:\/\/charta-thesauri.de\/wp-content\/uploads\/2025\/09\/logo-BLFLynhM.png\",\"contentUrl\":\"https:\/\/charta-thesauri.de\/wp-content\/uploads\/2025\/09\/logo-BLFLynhM.png\",\"width\":122,\"height\":102},{\"@type\":\"BreadcrumbList\",\"@id\":\"https:\/\/charta-thesauri.de\/index.php\/kartenmaterial\/#breadcrumb\",\"itemListElement\":[{\"@type\":\"ListItem\",\"position\":1,\"name\":\"Startseite\",\"item\":\"https:\/\/charta-thesauri.de\/\"},{\"@type\":\"ListItem\",\"position\":2,\"name\":\"Kartenmaterial\"}]},{\"@type\":\"WebSite\",\"@id\":\"https:\/\/charta-thesauri.de\/#website\",\"url\":\"https:\/\/charta-thesauri.de\/\",\"name\":\"Charta thesauri\",\"description\":\"test test\",\"potentialAction\":[{\"@type\":\"SearchAction\",\"target\":{\"@type\":\"EntryPoint\",\"urlTemplate\":\"https:\/\/charta-thesauri.de\/?s={search_term_string}\"},\"query-input\":{\"@type\":\"PropertyValueSpecification\",\"valueRequired\":true,\"valueName\":\"search_term_string\"}}],\"inLanguage\":\"de\"}]}<\/script>\n<!-- \/ Yoast SEO Premium plugin. -->","yoast_head_json":{"title":"Kartenmaterial - Charta thesauri","robots":{"index":"index","follow":"follow","max-snippet":"max-snippet:-1","max-image-preview":"max-image-preview:large","max-video-preview":"max-video-preview:-1"},"canonical":"https:\/\/charta-thesauri.de\/index.php\/kartenmaterial\/","og_locale":"de_DE","og_type":"article","og_title":"Kartenmaterial","og_description":"Verwende f\u00fcr diese Webseite (insbesondere f\u00fcr die Kartenanwendung) bitte den Firefox-Browser. Die Kartenanwendung ist f\u00fcr einen Desktop-PC programmiert (f\u00fcr den Fall, dass Du eine Anwendung f\u00fcr Dein Handy suchst, so schaue bitte hier: https:\/\/charta-thesauri.de\/index.php\/mobile-anwendung\/). Zur Kartenanwendung gelangst Du hier: https:\/\/charta-thesauri.de\/geodaten\/ In die WebGIS-Anwendung-Anwendung von Charta thesauri ist folgendes Kartenmaterial (mit den nachfolgend genannten Lizenzen) eingebunden: Nachfolgende genannte Daten des LGLN (Landesamt f\u00fcr Geoinformation und Landesvermessung Niedersachsen): Warum sind die topographische Karte der Landdrostei Osnabr\u00fcck (1827 bis 1861) teilweise etwas verzerrt? Die Datenerfassung entsprach damals nicht den heute \u00fcblichen Erfassungsmethoden. Man kann die einzelnen Kartenkacheln mit einem zusammengen\u00e4hten Tischtuch vergleichen, welches an der einen Stelle des Tisches zu kurz und an anderer Stelle zu lang ist. Zieht man jedoch an der einen Stelle, dann passt es dort zwar recht genau, daf\u00fcr treten an anderen Stellen jedoch wiederum Ungenauigkeiten auf. Eine fl\u00e4chenumfassende Lagegenauigkeit ist auf Basis dieser Daten schlichtweg nicht m\u00f6glich. Zudem hat sich, wie durch die Karte offensichtlich wird, die kartografische Semantik f\u00fcr einzelne Segmente (z.B. Stra\u00dfen) schon damals auf teilweise nebeneinanderliegenden Kacheln unterschieden. Auf Basis der entsprechenden Karte kann es zu Abweichungen von der Realit\u00e4t von bis zu 60 Metern kommen (selbst innerhalb damals erfasster einzelner Messtischbl\u00e4tter). Das Grundproblem wird durch untige Abbildungen deutlich. Dennoch wurde versucht, die unterschiedlichen Messtischbl\u00e4tter so gut wie m\u00f6glich zu georeferenzieren und aneinanderzuh\u00e4ngen. Bedenkt man, dass diese Karten vor fast 200 Jahren aufgenommen wurden, so ist die Lagegenauigkeit schon durchaus beachtlich.","og_url":"https:\/\/charta-thesauri.de\/index.php\/kartenmaterial\/","og_site_name":"Charta thesauri","article_modified_time":"2025-10-30T17:36:33+00:00","og_image":[{"width":122,"height":102,"url":"https:\/\/charta-thesauri.de\/wp-content\/uploads\/2025\/09\/logo-BLFLynhM.png","type":"image\/png"}],"twitter_card":"summary_large_image","twitter_misc":{"Gesch\u00e4tzte Lesezeit":"3\u00a0Minuten"},"schema":{"@context":"https:\/\/schema.org","@graph":[{"@type":"WebPage","@id":"https:\/\/charta-thesauri.de\/index.php\/kartenmaterial\/","url":"https:\/\/charta-thesauri.de\/index.php\/kartenmaterial\/","name":"Kartenmaterial - Charta thesauri","isPartOf":{"@id":"https:\/\/charta-thesauri.de\/#website"},"primaryImageOfPage":{"@id":"https:\/\/charta-thesauri.de\/index.php\/kartenmaterial\/#primaryimage"},"image":{"@id":"https:\/\/charta-thesauri.de\/index.php\/kartenmaterial\/#primaryimage"},"thumbnailUrl":"https:\/\/charta-thesauri.de\/wp-content\/uploads\/2025\/09\/logo-BLFLynhM.png","datePublished":"2025-08-25T13:24:21+00:00","dateModified":"2025-10-30T17:36:33+00:00","breadcrumb":{"@id":"https:\/\/charta-thesauri.de\/index.php\/kartenmaterial\/#breadcrumb"},"inLanguage":"de","potentialAction":[{"@type":"ReadAction","target":["https:\/\/charta-thesauri.de\/index.php\/kartenmaterial\/"]}]},{"@type":"ImageObject","inLanguage":"de","@id":"https:\/\/charta-thesauri.de\/index.php\/kartenmaterial\/#primaryimage","url":"https:\/\/charta-thesauri.de\/wp-content\/uploads\/2025\/09\/logo-BLFLynhM.png","contentUrl":"https:\/\/charta-thesauri.de\/wp-content\/uploads\/2025\/09\/logo-BLFLynhM.png","width":122,"height":102},{"@type":"BreadcrumbList","@id":"https:\/\/charta-thesauri.de\/index.php\/kartenmaterial\/#breadcrumb","itemListElement":[{"@type":"ListItem","position":1,"name":"Startseite","item":"https:\/\/charta-thesauri.de\/"},{"@type":"ListItem","position":2,"name":"Kartenmaterial"}]},{"@type":"WebSite","@id":"https:\/\/charta-thesauri.de\/#website","url":"https:\/\/charta-thesauri.de\/","name":"Charta thesauri","description":"test test","potentialAction":[{"@type":"SearchAction","target":{"@type":"EntryPoint","urlTemplate":"https:\/\/charta-thesauri.de\/?s={search_term_string}"},"query-input":{"@type":"PropertyValueSpecification","valueRequired":true,"valueName":"search_term_string"}}],"inLanguage":"de"}]}},"acf":[],"_links":{"self":[{"href":"https:\/\/charta-thesauri.de\/index.php\/wp-json\/wp\/v2\/pages\/47","targetHints":{"allow":["GET"]}}],"collection":[{"href":"https:\/\/charta-thesauri.de\/index.php\/wp-json\/wp\/v2\/pages"}],"about":[{"href":"https:\/\/charta-thesauri.de\/index.php\/wp-json\/wp\/v2\/types\/page"}],"author":[{"embeddable":true,"href":"https:\/\/charta-thesauri.de\/index.php\/wp-json\/wp\/v2\/users\/1"}],"replies":[{"embeddable":true,"href":"https:\/\/charta-thesauri.de\/index.php\/wp-json\/wp\/v2\/comments?post=47"}],"version-history":[{"count":40,"href":"https:\/\/charta-thesauri.de\/index.php\/wp-json\/wp\/v2\/pages\/47\/revisions"}],"predecessor-version":[{"id":867,"href":"https:\/\/charta-thesauri.de\/index.php\/wp-json\/wp\/v2\/pages\/47\/revisions\/867"}],"wp:attachment":[{"href":"https:\/\/charta-thesauri.de\/index.php\/wp-json\/wp\/v2\/media?parent=47"}],"curies":[{"name":"wp","href":"https:\/\/api.w.org\/{rel}","templated":true}]}}