

{"id":770,"date":"2025-10-28T09:45:11","date_gmt":"2025-10-28T08:45:11","guid":{"rendered":"https:\/\/charta-thesauri.de\/?page_id=770"},"modified":"2025-11-01T21:00:08","modified_gmt":"2025-11-01T20:00:08","slug":"digitale-schatzsuche","status":"publish","type":"page","link":"https:\/\/charta-thesauri.de\/index.php\/digitale-schatzsuche\/","title":{"rendered":"Digitale Schatzsuche und Geo-R\u00e4tsel"},"content":{"rendered":"\n<h2 class=\"wp-block-heading\" id=\"h-digitale-schatzsuche\">Digitale Schatzsuche<\/h2>\n\n\n\n<p>Was bedeutet &#8222;Digitale Schatzsuche&#8220; bzw. &#8222;Online-Schatzsuche&#8220;? Vielleicht hast auch Du als Kind stundenlang Atlanten gew\u00e4lzt und warst fasziniert von den vielen geografischen Besonderheiten, den Entdeckungen, den Auff\u00e4lligkeiten, die Karten und Atlanten Dir gezeigt haben? <\/p>\n\n\n\n<p>All das ist auch digital m\u00f6glich, und besonders interessant wird es nat\u00fcrlich, wenn Du dabei virtuelle &#8222;Sch\u00e4tze&#8220; finden kannst \ud83d\ude42 Die Suche ist aufregend und gleichzeitig entspannend. Du kannst Dich durch uralte Karten durchw\u00fchlen, durch Luftbilder, durch OpenStreetMap-Karten, durch klassische Liegenschaftskarten, und Du wirst immer wieder Besonderheiten entdecken. <strong>Ja, und Du findest Sch\u00e4tze!<\/strong><\/p>\n\n\n\n<p><\/p>\n\n\n\n<p>In der Kartenanwendung unter <a href=\"https:\/\/charta-thesauri.de\/geodaten\/\" target=\"_blank\" rel=\"noreferrer noopener\">https:\/\/charta-thesauri.de\/geodaten\/<\/a> sind diverse virtuelle Sch\u00e4tze versteckt. Diese werden z.B. wie folgt dargestellt (hier nur ein Beispiel-Bild, in der Praxis werden die Sch\u00e4tze nat\u00fcrlich erst pr\u00e4sentiert, wenn man tiefer in die Karte hineinzoomt, ansonsten w\u00e4re es ja viel zu einfach):<\/p>\n\n\n\n<figure class=\"wp-block-image size-full\"><img loading=\"lazy\" decoding=\"async\" width=\"916\" height=\"732\" src=\"https:\/\/charta-thesauri.de\/wp-content\/uploads\/2025\/10\/schatzfunde.png\" alt=\"\" class=\"wp-image-801\" srcset=\"https:\/\/charta-thesauri.de\/wp-content\/uploads\/2025\/10\/schatzfunde.png 916w, https:\/\/charta-thesauri.de\/wp-content\/uploads\/2025\/10\/schatzfunde-300x240.png 300w, https:\/\/charta-thesauri.de\/wp-content\/uploads\/2025\/10\/schatzfunde-768x614.png 768w\" sizes=\"auto, (max-width: 916px) 100vw, 916px\" \/><\/figure>\n\n\n\n<p>Die Sch\u00e4tze sind in der Karte \u00fcber Gesamt-Niedersachsen verteilt. In der Kartenanwendung ist zudem vermerkt, wie viele Sch\u00e4tze aktuell noch nicht gehoben sind. Wer als erster in der digitalen Karte einen Schatz &#8222;findet&#8220; (anklickt), der bekommt die entsprechende Punktezahl gutgeschrieben. Nach einem Fund wird der Schatz automatisch gel\u00f6scht und ist dann nicht mehr aufrufbar.<\/p>\n\n\n\n<p><strong><em>Obacht:<\/em><\/strong><\/p>\n\n\n\n<ul class=\"wp-block-list\">\n<li>Damit es nicht zu einfach wird: Die Sch\u00e4tze werden erst bei einem recht gro\u00dfen Ma\u00dfstab (ca. 1:1000) eingeblendet. Du musst also tief in die Kartenwerke hineinzoomen, damit Dir Objekte pr\u00e4sentiert werden.<\/li>\n<\/ul>\n\n\n\n<p>Nachfolgend ein Beispiel, ab wann Sch\u00e4tze angezeigt werden:<\/p>\n\n\n\n<figure class=\"wp-block-image size-large\"><img loading=\"lazy\" decoding=\"async\" width=\"1024\" height=\"700\" src=\"https:\/\/charta-thesauri.de\/wp-content\/uploads\/2025\/10\/schatzfunded-1-1024x700.png\" alt=\"\" class=\"wp-image-833\" srcset=\"https:\/\/charta-thesauri.de\/wp-content\/uploads\/2025\/10\/schatzfunded-1-1024x700.png 1024w, https:\/\/charta-thesauri.de\/wp-content\/uploads\/2025\/10\/schatzfunded-1-300x205.png 300w, https:\/\/charta-thesauri.de\/wp-content\/uploads\/2025\/10\/schatzfunded-1-768x525.png 768w, https:\/\/charta-thesauri.de\/wp-content\/uploads\/2025\/10\/schatzfunded-1.png 1102w\" sizes=\"auto, (max-width: 1024px) 100vw, 1024px\" \/><\/figure>\n\n\n\n<\/br><\/br>\n\n\n\n<ul class=\"wp-block-list\">\n<li>Manche Sch\u00e4tze werden erst in Kombination mit unterschiedlichen Karten dargestellt (siehe Folgebild). Es kann also sein, dass ein Schatzort z.B. auf einem Luftbild NICHT pr\u00e4sentiert wird, auf einer alten Karte jedoch durchaus:<\/li>\n<\/ul>\n\n\n\n<figure class=\"wp-block-image size-full\"><img loading=\"lazy\" decoding=\"async\" width=\"832\" height=\"571\" src=\"https:\/\/charta-thesauri.de\/wp-content\/uploads\/2025\/10\/schatzfundeb.png\" alt=\"\" class=\"wp-image-803\" srcset=\"https:\/\/charta-thesauri.de\/wp-content\/uploads\/2025\/10\/schatzfundeb.png 832w, https:\/\/charta-thesauri.de\/wp-content\/uploads\/2025\/10\/schatzfundeb-300x206.png 300w, https:\/\/charta-thesauri.de\/wp-content\/uploads\/2025\/10\/schatzfundeb-768x527.png 768w\" sizes=\"auto, (max-width: 832px) 100vw, 832px\" \/><\/figure>\n\n\n\n<\/br><\/br>\n\n\n\n<p>Es ist nicht zwingend notwendig f\u00fcr eine digitale Schatzsuche die Premium-Karten zu abonnieren. Viele Sch\u00e4tze werden auch ohne dieses Abonnement eingeblendet.<\/p>\n\n\n\n<p>Zum aktuellen R\u00e4tsel: <a href=\"https:\/\/charta-thesauri.de\/index.php\/aktuelle-raetsel\/\" target=\"_blank\" rel=\"noreferrer noopener\">https:\/\/charta-thesauri.de\/index.php\/aktuelle-raetsel\/<\/a><\/p>\n\n\n\n<h2 class=\"wp-block-heading\" id=\"h-geo-ratsel\">Geo-R\u00e4tsel<\/h2>\n\n\n\n<p>Geo-R\u00e4tsel sind ein spannendes Hobby am Computer. \u00dcber die L\u00f6sung verschiedener Fragen kannst Du (\u00fcber Zwischenziele) den digitalen Geo-R\u00e4tsel-Schatz finden. Dieser bringt Dir ordentlich Punkte. Aber Achtung: Nur der\/die Erste kann den Schatz heben \ud83d\ude09<\/p>\n\n\n\n<p>Und ganz einfach ist keines der R\u00e4tsel. <\/p>\n\n\n\n<p>als Hilfestellung: Ernsthaft Suchende und R\u00e4tselnde erhalten an Zwischenstationen Erfolgshinweise (wenn diese den Mauszeiger als Suchunterst\u00fctzung nutzen), z.B. so:<\/p>\n\n\n\n<figure class=\"wp-block-image size-full\"><img loading=\"lazy\" decoding=\"async\" width=\"587\" height=\"633\" src=\"https:\/\/charta-thesauri.de\/wp-content\/uploads\/2025\/10\/obsti-1.png\" alt=\"\" class=\"wp-image-873\" srcset=\"https:\/\/charta-thesauri.de\/wp-content\/uploads\/2025\/10\/obsti-1.png 587w, https:\/\/charta-thesauri.de\/wp-content\/uploads\/2025\/10\/obsti-1-278x300.png 278w\" sizes=\"auto, (max-width: 587px) 100vw, 587px\" \/><\/figure>\n\n\n\n<\/br><\/br>\n\n\n\n<p>Wenn Du zu dem richtigen Ort kommst, dann wird Dir dieses Symbol pr\u00e4sentiert:<\/p>\n\n\n\n<figure class=\"wp-block-image size-full\"><img loading=\"lazy\" decoding=\"async\" width=\"589\" height=\"369\" src=\"https:\/\/charta-thesauri.de\/wp-content\/uploads\/2025\/11\/georaetsel3.png\" alt=\"\" class=\"wp-image-905\" srcset=\"https:\/\/charta-thesauri.de\/wp-content\/uploads\/2025\/11\/georaetsel3.png 589w, https:\/\/charta-thesauri.de\/wp-content\/uploads\/2025\/11\/georaetsel3-300x188.png 300w\" sizes=\"auto, (max-width: 589px) 100vw, 589px\" \/><\/figure>\n\n\n\n<\/br><\/br>\n\n\n\n<p>Ist ein R\u00e4tsel gel\u00f6st worden, so wird es automatisch aus der Karte gel\u00f6scht und ein entsprechender Hinweis erscheint an dem gel\u00f6sten Zielort. So ist das leider im Leben nunmal oft: Meist war schon jemand Anderes vor einem da. Jedoch: Hartn\u00e4ckigkeit und Schlauheit zahlen sich (langfristig) immer aus, gesichert!  Nat\u00fcrlich erfolgt nach L\u00f6sung eines R\u00e4tsels auch eine Aufl\u00f6sung (f\u00fcr alle) hier auf der Seite. <\/p>\n\n\n\n<figure class=\"wp-block-image size-large\"><img loading=\"lazy\" decoding=\"async\" width=\"1024\" height=\"478\" src=\"https:\/\/charta-thesauri.de\/wp-content\/uploads\/2025\/10\/diamond-1024x478.png\" alt=\"\" class=\"wp-image-876\" srcset=\"https:\/\/charta-thesauri.de\/wp-content\/uploads\/2025\/10\/diamond-1024x478.png 1024w, https:\/\/charta-thesauri.de\/wp-content\/uploads\/2025\/10\/diamond-300x140.png 300w, https:\/\/charta-thesauri.de\/wp-content\/uploads\/2025\/10\/diamond-768x359.png 768w, https:\/\/charta-thesauri.de\/wp-content\/uploads\/2025\/10\/diamond.png 1066w\" sizes=\"auto, (max-width: 1024px) 100vw, 1024px\" \/><\/figure>\n","protected":false},"excerpt":{"rendered":"<p>Digitale Schatzsuche Was bedeutet &#8222;Digitale Schatzsuche&#8220; bzw. &#8222;Online-Schatzsuche&#8220;? Vielleicht hast auch Du als Kind stundenlang Atlanten gew\u00e4lzt und warst fasziniert von den vielen geografischen Besonderheiten, den Entdeckungen, den Auff\u00e4lligkeiten, die Karten und Atlanten Dir gezeigt haben? All das ist auch digital m\u00f6glich, und besonders interessant wird es nat\u00fcrlich, wenn Du dabei virtuelle &#8222;Sch\u00e4tze&#8220; finden kannst \ud83d\ude42 Die Suche ist aufregend und gleichzeitig entspannend. Du kannst Dich durch uralte Karten durchw\u00fchlen, durch Luftbilder, durch OpenStreetMap-Karten, durch klassische Liegenschaftskarten, und Du wirst immer wieder Besonderheiten entdecken. Ja, und Du findest Sch\u00e4tze! In der Kartenanwendung unter https:\/\/charta-thesauri.de\/geodaten\/ sind diverse virtuelle Sch\u00e4tze versteckt. Diese werden z.B. wie folgt dargestellt (hier nur ein Beispiel-Bild, in der Praxis werden die Sch\u00e4tze nat\u00fcrlich erst pr\u00e4sentiert, wenn man tiefer in die Karte hineinzoomt, ansonsten w\u00e4re es ja viel zu einfach): Die Sch\u00e4tze sind in der Karte \u00fcber Gesamt-Niedersachsen verteilt. In der Kartenanwendung ist zudem vermerkt, wie viele Sch\u00e4tze aktuell noch nicht gehoben sind. Wer als erster in der digitalen Karte einen Schatz &#8222;findet&#8220; (anklickt), der bekommt die entsprechende Punktezahl gutgeschrieben. Nach einem Fund wird der Schatz automatisch gel\u00f6scht und ist dann nicht mehr aufrufbar. Obacht: Nachfolgend ein Beispiel, ab wann Sch\u00e4tze angezeigt werden: Es ist nicht zwingend notwendig f\u00fcr eine digitale Schatzsuche die Premium-Karten zu abonnieren. Viele Sch\u00e4tze werden auch ohne dieses Abonnement eingeblendet. Zum aktuellen R\u00e4tsel: https:\/\/charta-thesauri.de\/index.php\/aktuelle-raetsel\/ Geo-R\u00e4tsel Geo-R\u00e4tsel sind ein spannendes Hobby am Computer. \u00dcber die L\u00f6sung verschiedener Fragen kannst Du (\u00fcber Zwischenziele) den digitalen Geo-R\u00e4tsel-Schatz finden. Dieser bringt Dir ordentlich Punkte. Aber Achtung: Nur der\/die Erste kann den Schatz heben \ud83d\ude09 Und ganz einfach ist keines der R\u00e4tsel. als Hilfestellung: Ernsthaft Suchende und R\u00e4tselnde erhalten an Zwischenstationen Erfolgshinweise (wenn diese den Mauszeiger als Suchunterst\u00fctzung nutzen), z.B. so: Wenn Du zu dem richtigen Ort kommst, dann wird Dir dieses Symbol pr\u00e4sentiert: Ist ein R\u00e4tsel gel\u00f6st worden, so wird es automatisch aus der Karte gel\u00f6scht und ein entsprechender Hinweis erscheint an dem gel\u00f6sten Zielort. So ist das leider im Leben nunmal oft: Meist war schon jemand Anderes vor einem da. Jedoch: Hartn\u00e4ckigkeit und Schlauheit zahlen sich (langfristig) immer aus, gesichert! Nat\u00fcrlich erfolgt nach L\u00f6sung eines R\u00e4tsels auch eine Aufl\u00f6sung (f\u00fcr alle) hier auf der Seite.<\/p>\n","protected":false},"author":1,"featured_media":0,"parent":0,"menu_order":0,"comment_status":"closed","ping_status":"closed","template":"","meta":{"footnotes":""},"class_list":["post-770","page","type-page","status-publish","hentry"],"yoast_head":"<!-- This site is optimized with the Yoast SEO Premium plugin v26.6 (Yoast SEO v26.6) - https:\/\/yoast.com\/wordpress\/plugins\/seo\/ -->\n<title>Digitale Schatzsuche und ihre aufregenden Abenteuer - Charta thesauri<\/title>\n<meta name=\"description\" content=\"Entdecke die faszinierenden Aspekte der digitalen Schatzsuche und finde virtuelle Sch\u00e4tze auf alten und modernen Karten.\" \/>\n<meta name=\"robots\" content=\"index, follow, max-snippet:-1, max-image-preview:large, max-video-preview:-1\" \/>\n<link rel=\"canonical\" href=\"https:\/\/charta-thesauri.de\/index.php\/digitale-schatzsuche\/\" \/>\n<meta property=\"og:locale\" content=\"de_DE\" \/>\n<meta property=\"og:type\" content=\"article\" \/>\n<meta property=\"og:title\" content=\"Digitale Schatzsuche und Geo-R\u00e4tsel\" \/>\n<meta property=\"og:description\" content=\"Entdecke die faszinierenden Aspekte der digitalen Schatzsuche und finde virtuelle Sch\u00e4tze auf alten und modernen Karten.\" \/>\n<meta property=\"og:url\" content=\"https:\/\/charta-thesauri.de\/index.php\/digitale-schatzsuche\/\" \/>\n<meta property=\"og:site_name\" content=\"Charta thesauri\" \/>\n<meta property=\"article:modified_time\" content=\"2025-11-01T20:00:08+00:00\" \/>\n<meta property=\"og:image\" content=\"https:\/\/charta-thesauri.de\/wp-content\/uploads\/2025\/10\/schatzfunde.png\" \/>\n\t<meta property=\"og:image:width\" content=\"916\" \/>\n\t<meta property=\"og:image:height\" content=\"732\" \/>\n\t<meta property=\"og:image:type\" content=\"image\/png\" \/>\n<meta name=\"twitter:card\" content=\"summary_large_image\" \/>\n<meta name=\"twitter:label1\" content=\"Gesch\u00e4tzte Lesezeit\" \/>\n\t<meta name=\"twitter:data1\" content=\"4\u00a0Minuten\" \/>\n<script type=\"application\/ld+json\" class=\"yoast-schema-graph\">{\"@context\":\"https:\/\/schema.org\",\"@graph\":[{\"@type\":\"WebPage\",\"@id\":\"https:\/\/charta-thesauri.de\/index.php\/digitale-schatzsuche\/\",\"url\":\"https:\/\/charta-thesauri.de\/index.php\/digitale-schatzsuche\/\",\"name\":\"Digitale Schatzsuche und ihre aufregenden Abenteuer - Charta thesauri\",\"isPartOf\":{\"@id\":\"https:\/\/charta-thesauri.de\/#website\"},\"primaryImageOfPage\":{\"@id\":\"https:\/\/charta-thesauri.de\/index.php\/digitale-schatzsuche\/#primaryimage\"},\"image\":{\"@id\":\"https:\/\/charta-thesauri.de\/index.php\/digitale-schatzsuche\/#primaryimage\"},\"thumbnailUrl\":\"https:\/\/charta-thesauri.de\/wp-content\/uploads\/2025\/10\/schatzfunde.png\",\"datePublished\":\"2025-10-28T08:45:11+00:00\",\"dateModified\":\"2025-11-01T20:00:08+00:00\",\"description\":\"Entdecke die faszinierenden Aspekte der digitalen Schatzsuche und finde virtuelle Sch\u00e4tze auf alten und modernen Karten.\",\"breadcrumb\":{\"@id\":\"https:\/\/charta-thesauri.de\/index.php\/digitale-schatzsuche\/#breadcrumb\"},\"inLanguage\":\"de\",\"potentialAction\":[{\"@type\":\"ReadAction\",\"target\":[\"https:\/\/charta-thesauri.de\/index.php\/digitale-schatzsuche\/\"]}]},{\"@type\":\"ImageObject\",\"inLanguage\":\"de\",\"@id\":\"https:\/\/charta-thesauri.de\/index.php\/digitale-schatzsuche\/#primaryimage\",\"url\":\"https:\/\/charta-thesauri.de\/wp-content\/uploads\/2025\/10\/schatzfunde.png\",\"contentUrl\":\"https:\/\/charta-thesauri.de\/wp-content\/uploads\/2025\/10\/schatzfunde.png\",\"width\":916,\"height\":732},{\"@type\":\"BreadcrumbList\",\"@id\":\"https:\/\/charta-thesauri.de\/index.php\/digitale-schatzsuche\/#breadcrumb\",\"itemListElement\":[{\"@type\":\"ListItem\",\"position\":1,\"name\":\"Startseite\",\"item\":\"https:\/\/charta-thesauri.de\/\"},{\"@type\":\"ListItem\",\"position\":2,\"name\":\"Digitale Schatzsuche und Geo-R\u00e4tsel\"}]},{\"@type\":\"WebSite\",\"@id\":\"https:\/\/charta-thesauri.de\/#website\",\"url\":\"https:\/\/charta-thesauri.de\/\",\"name\":\"Charta thesauri\",\"description\":\"test test\",\"potentialAction\":[{\"@type\":\"SearchAction\",\"target\":{\"@type\":\"EntryPoint\",\"urlTemplate\":\"https:\/\/charta-thesauri.de\/?s={search_term_string}\"},\"query-input\":{\"@type\":\"PropertyValueSpecification\",\"valueRequired\":true,\"valueName\":\"search_term_string\"}}],\"inLanguage\":\"de\"}]}<\/script>\n<!-- \/ Yoast SEO Premium plugin. -->","yoast_head_json":{"title":"Digitale Schatzsuche und ihre aufregenden Abenteuer - Charta thesauri","description":"Entdecke die faszinierenden Aspekte der digitalen Schatzsuche und finde virtuelle Sch\u00e4tze auf alten und modernen Karten.","robots":{"index":"index","follow":"follow","max-snippet":"max-snippet:-1","max-image-preview":"max-image-preview:large","max-video-preview":"max-video-preview:-1"},"canonical":"https:\/\/charta-thesauri.de\/index.php\/digitale-schatzsuche\/","og_locale":"de_DE","og_type":"article","og_title":"Digitale Schatzsuche und Geo-R\u00e4tsel","og_description":"Entdecke die faszinierenden Aspekte der digitalen Schatzsuche und finde virtuelle Sch\u00e4tze auf alten und modernen Karten.","og_url":"https:\/\/charta-thesauri.de\/index.php\/digitale-schatzsuche\/","og_site_name":"Charta thesauri","article_modified_time":"2025-11-01T20:00:08+00:00","og_image":[{"width":916,"height":732,"url":"https:\/\/charta-thesauri.de\/wp-content\/uploads\/2025\/10\/schatzfunde.png","type":"image\/png"}],"twitter_card":"summary_large_image","twitter_misc":{"Gesch\u00e4tzte Lesezeit":"4\u00a0Minuten"},"schema":{"@context":"https:\/\/schema.org","@graph":[{"@type":"WebPage","@id":"https:\/\/charta-thesauri.de\/index.php\/digitale-schatzsuche\/","url":"https:\/\/charta-thesauri.de\/index.php\/digitale-schatzsuche\/","name":"Digitale Schatzsuche und ihre aufregenden Abenteuer - Charta thesauri","isPartOf":{"@id":"https:\/\/charta-thesauri.de\/#website"},"primaryImageOfPage":{"@id":"https:\/\/charta-thesauri.de\/index.php\/digitale-schatzsuche\/#primaryimage"},"image":{"@id":"https:\/\/charta-thesauri.de\/index.php\/digitale-schatzsuche\/#primaryimage"},"thumbnailUrl":"https:\/\/charta-thesauri.de\/wp-content\/uploads\/2025\/10\/schatzfunde.png","datePublished":"2025-10-28T08:45:11+00:00","dateModified":"2025-11-01T20:00:08+00:00","description":"Entdecke die faszinierenden Aspekte der digitalen Schatzsuche und finde virtuelle Sch\u00e4tze auf alten und modernen Karten.","breadcrumb":{"@id":"https:\/\/charta-thesauri.de\/index.php\/digitale-schatzsuche\/#breadcrumb"},"inLanguage":"de","potentialAction":[{"@type":"ReadAction","target":["https:\/\/charta-thesauri.de\/index.php\/digitale-schatzsuche\/"]}]},{"@type":"ImageObject","inLanguage":"de","@id":"https:\/\/charta-thesauri.de\/index.php\/digitale-schatzsuche\/#primaryimage","url":"https:\/\/charta-thesauri.de\/wp-content\/uploads\/2025\/10\/schatzfunde.png","contentUrl":"https:\/\/charta-thesauri.de\/wp-content\/uploads\/2025\/10\/schatzfunde.png","width":916,"height":732},{"@type":"BreadcrumbList","@id":"https:\/\/charta-thesauri.de\/index.php\/digitale-schatzsuche\/#breadcrumb","itemListElement":[{"@type":"ListItem","position":1,"name":"Startseite","item":"https:\/\/charta-thesauri.de\/"},{"@type":"ListItem","position":2,"name":"Digitale Schatzsuche und Geo-R\u00e4tsel"}]},{"@type":"WebSite","@id":"https:\/\/charta-thesauri.de\/#website","url":"https:\/\/charta-thesauri.de\/","name":"Charta thesauri","description":"test test","potentialAction":[{"@type":"SearchAction","target":{"@type":"EntryPoint","urlTemplate":"https:\/\/charta-thesauri.de\/?s={search_term_string}"},"query-input":{"@type":"PropertyValueSpecification","valueRequired":true,"valueName":"search_term_string"}}],"inLanguage":"de"}]}},"acf":[],"_links":{"self":[{"href":"https:\/\/charta-thesauri.de\/index.php\/wp-json\/wp\/v2\/pages\/770","targetHints":{"allow":["GET"]}}],"collection":[{"href":"https:\/\/charta-thesauri.de\/index.php\/wp-json\/wp\/v2\/pages"}],"about":[{"href":"https:\/\/charta-thesauri.de\/index.php\/wp-json\/wp\/v2\/types\/page"}],"author":[{"embeddable":true,"href":"https:\/\/charta-thesauri.de\/index.php\/wp-json\/wp\/v2\/users\/1"}],"replies":[{"embeddable":true,"href":"https:\/\/charta-thesauri.de\/index.php\/wp-json\/wp\/v2\/comments?post=770"}],"version-history":[{"count":31,"href":"https:\/\/charta-thesauri.de\/index.php\/wp-json\/wp\/v2\/pages\/770\/revisions"}],"predecessor-version":[{"id":907,"href":"https:\/\/charta-thesauri.de\/index.php\/wp-json\/wp\/v2\/pages\/770\/revisions\/907"}],"wp:attachment":[{"href":"https:\/\/charta-thesauri.de\/index.php\/wp-json\/wp\/v2\/media?parent=770"}],"curies":[{"name":"wp","href":"https:\/\/api.w.org\/{rel}","templated":true}]}}