

{"id":887,"date":"2025-10-31T14:04:34","date_gmt":"2025-10-31T13:04:34","guid":{"rendered":"https:\/\/charta-thesauri.de\/?page_id=887"},"modified":"2025-11-07T10:04:22","modified_gmt":"2025-11-07T09:04:22","slug":"aktuelle-raetsel","status":"publish","type":"page","link":"https:\/\/charta-thesauri.de\/index.php\/aktuelle-raetsel\/","title":{"rendered":"Aktuelle R\u00e4tsel"},"content":{"rendered":"\n<p><strong>R\u00e4tsel &#8222;Hitzacker&#8220;<\/strong><\/p>\n\n\n\n<p>Kleiner Tipp: Um das R\u00e4tsel zu l\u00f6sen muss man nicht vor Ort sein. Es reicht v\u00f6llig, wenn man nachdenkt, \u00fcberlegt, recherchiert und die Kartenanwendung nutzt \ud83d\ude09<\/p>\n\n\n\n<p>Zur Kartenanwendung: <a href=\"https:\/\/charta-thesauri.de\/geodaten\/\" target=\"_blank\" rel=\"noreferrer noopener\">https:\/\/charta-thesauri.de\/geodaten\/<\/a><\/p>\n\n\n\n<p>F\u00fcr dieses R\u00e4tsel sind Premium-Karten auf &#8222;Charta thesauri&#8220; notwendig.<br>Falls Du wissen m\u00f6chtest, wie man ein Geo-R\u00e4tsel aufl\u00f6sen kann findest Du hier ein Beispiel: <a href=\"https:\/\/charta-thesauri.de\/index.php\/bereits-geloeste-raetsel\/\">https:\/\/charta-thesauri.de\/index.php\/bereits-geloeste-raetsel\/<\/a>.<\/p>\n\n\n\n<p><strong>Schatzkarte:<\/strong><\/p>\n\n\n\n<figure class=\"wp-block-image size-large\"><img loading=\"lazy\" decoding=\"async\" width=\"1024\" height=\"664\" src=\"https:\/\/charta-thesauri.de\/wp-content\/uploads\/2025\/11\/karte-1024x664.png\" alt=\"Schatzkarte Geo-R\u00e4tsel\" class=\"wp-image-941\" srcset=\"https:\/\/charta-thesauri.de\/wp-content\/uploads\/2025\/11\/karte-1024x664.png 1024w, https:\/\/charta-thesauri.de\/wp-content\/uploads\/2025\/11\/karte-300x194.png 300w, https:\/\/charta-thesauri.de\/wp-content\/uploads\/2025\/11\/karte-768x498.png 768w, https:\/\/charta-thesauri.de\/wp-content\/uploads\/2025\/11\/karte.png 1125w\" sizes=\"auto, (max-width: 1024px) 100vw, 1024px\" \/><figcaption class=\"wp-element-caption\">Schatzkarte Geo-R\u00e4tsel<\/figcaption><\/figure>\n\n\n\n<p>Du startest bei dem X in der Schatzkarte<br>Gehe von hier zu einem &#8222;Afrikanischem Land&#8220; (ja, Du hast richtig gelesen, der Ort wurde einstmals so betitelt, weil die Leute hier bei der Arbeit Strohh\u00fcte trugen).<br>Gehe dort zu &#8222;Onkel Jo`s H\u00fctte&#8220;.<\/p>\n\n\n\n<p>Finde den H\u00fcgel 67, von hier hast Du eine ausgezeichnete Sicht.<br>In der Karte findest Du dort einen Hinweis zum n\u00e4chsten Ziel (Zwischenstation 2), er ist sehr klein und Du musst Dich runterbeugen.<\/p>\n\n\n\n<p>Folgen dann den Ratschl\u00e4gen, die Du dann Zwischenstation 3 und 4 findest.<br>F\u00fcr den Hinweis an Station 4: Den Weg zum Schatz findest Du im Bereich des folgend dargestellten Gebietes:<\/p>\n\n\n\n<figure class=\"wp-block-image size-full\"><img loading=\"lazy\" decoding=\"async\" width=\"747\" height=\"352\" src=\"https:\/\/charta-thesauri.de\/wp-content\/uploads\/2025\/11\/raetsel2_hinweis.png\" alt=\"Bildquelle: \u00a9 GeoBasis-DE\/LGLN 2025\" class=\"wp-image-942\" srcset=\"https:\/\/charta-thesauri.de\/wp-content\/uploads\/2025\/11\/raetsel2_hinweis.png 747w, https:\/\/charta-thesauri.de\/wp-content\/uploads\/2025\/11\/raetsel2_hinweis-300x141.png 300w\" sizes=\"auto, (max-width: 747px) 100vw, 747px\" \/><figcaption class=\"wp-element-caption\">Bildquelle: \u00a9 GeoBasis-DE\/LGLN 2025<\/figcaption><\/figure>\n\n\n\n<p>Der finale Schatz wird dann in der Karte so dargestellt:<\/p>\n\n\n\n<figure class=\"wp-block-image size-full\"><img loading=\"lazy\" decoding=\"async\" width=\"930\" height=\"473\" src=\"https:\/\/charta-thesauri.de\/wp-content\/uploads\/2025\/11\/raetsel2_hinweis2.png\" alt=\"Bildquelle: \u00a9 GeoBasis-DE\/LGLN 2025\" class=\"wp-image-943\" srcset=\"https:\/\/charta-thesauri.de\/wp-content\/uploads\/2025\/11\/raetsel2_hinweis2.png 930w, https:\/\/charta-thesauri.de\/wp-content\/uploads\/2025\/11\/raetsel2_hinweis2-300x153.png 300w, https:\/\/charta-thesauri.de\/wp-content\/uploads\/2025\/11\/raetsel2_hinweis2-768x391.png 768w\" sizes=\"auto, (max-width: 930px) 100vw, 930px\" \/><figcaption class=\"wp-element-caption\">Bildquelle: \u00a9 GeoBasis-DE\/LGLN 2025<\/figcaption><\/figure>\n","protected":false},"excerpt":{"rendered":"<p>R\u00e4tsel &#8222;Hitzacker&#8220; Kleiner Tipp: Um das R\u00e4tsel zu l\u00f6sen muss man nicht vor Ort sein. Es reicht v\u00f6llig, wenn man nachdenkt, \u00fcberlegt, recherchiert und die Kartenanwendung nutzt \ud83d\ude09 Zur Kartenanwendung: https:\/\/charta-thesauri.de\/geodaten\/ F\u00fcr dieses R\u00e4tsel sind Premium-Karten auf &#8222;Charta thesauri&#8220; notwendig.Falls Du wissen m\u00f6chtest, wie man ein Geo-R\u00e4tsel aufl\u00f6sen kann findest Du hier ein Beispiel: https:\/\/charta-thesauri.de\/index.php\/bereits-geloeste-raetsel\/. Schatzkarte: Du startest bei dem X in der SchatzkarteGehe von hier zu einem &#8222;Afrikanischem Land&#8220; (ja, Du hast richtig gelesen, der Ort wurde einstmals so betitelt, weil die Leute hier bei der Arbeit Strohh\u00fcte trugen).Gehe dort zu &#8222;Onkel Jo`s H\u00fctte&#8220;. Finde den H\u00fcgel 67, von hier hast Du eine ausgezeichnete Sicht.In der Karte findest Du dort einen Hinweis zum n\u00e4chsten Ziel (Zwischenstation 2), er ist sehr klein und Du musst Dich runterbeugen. Folgen dann den Ratschl\u00e4gen, die Du dann Zwischenstation 3 und 4 findest.F\u00fcr den Hinweis an Station 4: Den Weg zum Schatz findest Du im Bereich des folgend dargestellten Gebietes: Der finale Schatz wird dann in der Karte so dargestellt:<\/p>\n","protected":false},"author":1,"featured_media":0,"parent":0,"menu_order":0,"comment_status":"closed","ping_status":"closed","template":"","meta":{"footnotes":""},"class_list":["post-887","page","type-page","status-publish","hentry"],"yoast_head":"<!-- This site is optimized with the Yoast SEO Premium plugin v26.6 (Yoast SEO v26.6) - https:\/\/yoast.com\/wordpress\/plugins\/seo\/ -->\n<title>Aktuelle Geo-R\u00e4tsel: Finde den Schatz<\/title>\n<meta name=\"description\" content=\"L\u00f6se die spannenden aktuellen Geo-R\u00e4tsel, ohne vor Ort sein zu m\u00fcssen. Nutze dein Wissen und unsere Kartenanwendung!\" \/>\n<meta name=\"robots\" content=\"index, follow, max-snippet:-1, max-image-preview:large, max-video-preview:-1\" \/>\n<link rel=\"canonical\" href=\"https:\/\/charta-thesauri.de\/index.php\/aktuelle-raetsel\/\" \/>\n<meta property=\"og:locale\" content=\"de_DE\" \/>\n<meta property=\"og:type\" content=\"article\" \/>\n<meta property=\"og:title\" content=\"Aktuelle R\u00e4tsel\" \/>\n<meta property=\"og:description\" content=\"L\u00f6se die spannenden aktuellen Geo-R\u00e4tsel, ohne vor Ort sein zu m\u00fcssen. Nutze dein Wissen und unsere Kartenanwendung!\" \/>\n<meta property=\"og:url\" content=\"https:\/\/charta-thesauri.de\/index.php\/aktuelle-raetsel\/\" \/>\n<meta property=\"og:site_name\" content=\"Charta thesauri\" \/>\n<meta property=\"article:modified_time\" content=\"2025-11-07T09:04:22+00:00\" \/>\n<meta property=\"og:image\" content=\"https:\/\/charta-thesauri.de\/wp-content\/uploads\/2025\/11\/karte.png\" \/>\n\t<meta property=\"og:image:width\" content=\"1125\" \/>\n\t<meta property=\"og:image:height\" content=\"729\" \/>\n\t<meta property=\"og:image:type\" content=\"image\/png\" \/>\n<meta name=\"twitter:card\" content=\"summary_large_image\" \/>\n<meta name=\"twitter:label1\" content=\"Gesch\u00e4tzte Lesezeit\" \/>\n\t<meta name=\"twitter:data1\" content=\"2\u00a0Minuten\" \/>\n<script type=\"application\/ld+json\" class=\"yoast-schema-graph\">{\"@context\":\"https:\/\/schema.org\",\"@graph\":[{\"@type\":\"WebPage\",\"@id\":\"https:\/\/charta-thesauri.de\/index.php\/aktuelle-raetsel\/\",\"url\":\"https:\/\/charta-thesauri.de\/index.php\/aktuelle-raetsel\/\",\"name\":\"Aktuelle Geo-R\u00e4tsel: Finde den Schatz\",\"isPartOf\":{\"@id\":\"https:\/\/charta-thesauri.de\/#website\"},\"primaryImageOfPage\":{\"@id\":\"https:\/\/charta-thesauri.de\/index.php\/aktuelle-raetsel\/#primaryimage\"},\"image\":{\"@id\":\"https:\/\/charta-thesauri.de\/index.php\/aktuelle-raetsel\/#primaryimage\"},\"thumbnailUrl\":\"https:\/\/charta-thesauri.de\/wp-content\/uploads\/2025\/11\/karte-1024x664.png\",\"datePublished\":\"2025-10-31T13:04:34+00:00\",\"dateModified\":\"2025-11-07T09:04:22+00:00\",\"description\":\"L\u00f6se die spannenden aktuellen Geo-R\u00e4tsel, ohne vor Ort sein zu m\u00fcssen. Nutze dein Wissen und unsere Kartenanwendung!\",\"breadcrumb\":{\"@id\":\"https:\/\/charta-thesauri.de\/index.php\/aktuelle-raetsel\/#breadcrumb\"},\"inLanguage\":\"de\",\"potentialAction\":[{\"@type\":\"ReadAction\",\"target\":[\"https:\/\/charta-thesauri.de\/index.php\/aktuelle-raetsel\/\"]}]},{\"@type\":\"ImageObject\",\"inLanguage\":\"de\",\"@id\":\"https:\/\/charta-thesauri.de\/index.php\/aktuelle-raetsel\/#primaryimage\",\"url\":\"https:\/\/charta-thesauri.de\/wp-content\/uploads\/2025\/11\/karte.png\",\"contentUrl\":\"https:\/\/charta-thesauri.de\/wp-content\/uploads\/2025\/11\/karte.png\",\"width\":1125,\"height\":729,\"caption\":\"Schatzkarte Geo-R\u00e4tsel\"},{\"@type\":\"BreadcrumbList\",\"@id\":\"https:\/\/charta-thesauri.de\/index.php\/aktuelle-raetsel\/#breadcrumb\",\"itemListElement\":[{\"@type\":\"ListItem\",\"position\":1,\"name\":\"Startseite\",\"item\":\"https:\/\/charta-thesauri.de\/\"},{\"@type\":\"ListItem\",\"position\":2,\"name\":\"Aktuelle R\u00e4tsel\"}]},{\"@type\":\"WebSite\",\"@id\":\"https:\/\/charta-thesauri.de\/#website\",\"url\":\"https:\/\/charta-thesauri.de\/\",\"name\":\"Charta thesauri\",\"description\":\"test test\",\"potentialAction\":[{\"@type\":\"SearchAction\",\"target\":{\"@type\":\"EntryPoint\",\"urlTemplate\":\"https:\/\/charta-thesauri.de\/?s={search_term_string}\"},\"query-input\":{\"@type\":\"PropertyValueSpecification\",\"valueRequired\":true,\"valueName\":\"search_term_string\"}}],\"inLanguage\":\"de\"}]}<\/script>\n<!-- \/ Yoast SEO Premium plugin. -->","yoast_head_json":{"title":"Aktuelle Geo-R\u00e4tsel: Finde den Schatz","description":"L\u00f6se die spannenden aktuellen Geo-R\u00e4tsel, ohne vor Ort sein zu m\u00fcssen. Nutze dein Wissen und unsere Kartenanwendung!","robots":{"index":"index","follow":"follow","max-snippet":"max-snippet:-1","max-image-preview":"max-image-preview:large","max-video-preview":"max-video-preview:-1"},"canonical":"https:\/\/charta-thesauri.de\/index.php\/aktuelle-raetsel\/","og_locale":"de_DE","og_type":"article","og_title":"Aktuelle R\u00e4tsel","og_description":"L\u00f6se die spannenden aktuellen Geo-R\u00e4tsel, ohne vor Ort sein zu m\u00fcssen. Nutze dein Wissen und unsere Kartenanwendung!","og_url":"https:\/\/charta-thesauri.de\/index.php\/aktuelle-raetsel\/","og_site_name":"Charta thesauri","article_modified_time":"2025-11-07T09:04:22+00:00","og_image":[{"width":1125,"height":729,"url":"https:\/\/charta-thesauri.de\/wp-content\/uploads\/2025\/11\/karte.png","type":"image\/png"}],"twitter_card":"summary_large_image","twitter_misc":{"Gesch\u00e4tzte Lesezeit":"2\u00a0Minuten"},"schema":{"@context":"https:\/\/schema.org","@graph":[{"@type":"WebPage","@id":"https:\/\/charta-thesauri.de\/index.php\/aktuelle-raetsel\/","url":"https:\/\/charta-thesauri.de\/index.php\/aktuelle-raetsel\/","name":"Aktuelle Geo-R\u00e4tsel: Finde den Schatz","isPartOf":{"@id":"https:\/\/charta-thesauri.de\/#website"},"primaryImageOfPage":{"@id":"https:\/\/charta-thesauri.de\/index.php\/aktuelle-raetsel\/#primaryimage"},"image":{"@id":"https:\/\/charta-thesauri.de\/index.php\/aktuelle-raetsel\/#primaryimage"},"thumbnailUrl":"https:\/\/charta-thesauri.de\/wp-content\/uploads\/2025\/11\/karte-1024x664.png","datePublished":"2025-10-31T13:04:34+00:00","dateModified":"2025-11-07T09:04:22+00:00","description":"L\u00f6se die spannenden aktuellen Geo-R\u00e4tsel, ohne vor Ort sein zu m\u00fcssen. Nutze dein Wissen und unsere Kartenanwendung!","breadcrumb":{"@id":"https:\/\/charta-thesauri.de\/index.php\/aktuelle-raetsel\/#breadcrumb"},"inLanguage":"de","potentialAction":[{"@type":"ReadAction","target":["https:\/\/charta-thesauri.de\/index.php\/aktuelle-raetsel\/"]}]},{"@type":"ImageObject","inLanguage":"de","@id":"https:\/\/charta-thesauri.de\/index.php\/aktuelle-raetsel\/#primaryimage","url":"https:\/\/charta-thesauri.de\/wp-content\/uploads\/2025\/11\/karte.png","contentUrl":"https:\/\/charta-thesauri.de\/wp-content\/uploads\/2025\/11\/karte.png","width":1125,"height":729,"caption":"Schatzkarte Geo-R\u00e4tsel"},{"@type":"BreadcrumbList","@id":"https:\/\/charta-thesauri.de\/index.php\/aktuelle-raetsel\/#breadcrumb","itemListElement":[{"@type":"ListItem","position":1,"name":"Startseite","item":"https:\/\/charta-thesauri.de\/"},{"@type":"ListItem","position":2,"name":"Aktuelle R\u00e4tsel"}]},{"@type":"WebSite","@id":"https:\/\/charta-thesauri.de\/#website","url":"https:\/\/charta-thesauri.de\/","name":"Charta thesauri","description":"test test","potentialAction":[{"@type":"SearchAction","target":{"@type":"EntryPoint","urlTemplate":"https:\/\/charta-thesauri.de\/?s={search_term_string}"},"query-input":{"@type":"PropertyValueSpecification","valueRequired":true,"valueName":"search_term_string"}}],"inLanguage":"de"}]}},"acf":[],"_links":{"self":[{"href":"https:\/\/charta-thesauri.de\/index.php\/wp-json\/wp\/v2\/pages\/887","targetHints":{"allow":["GET"]}}],"collection":[{"href":"https:\/\/charta-thesauri.de\/index.php\/wp-json\/wp\/v2\/pages"}],"about":[{"href":"https:\/\/charta-thesauri.de\/index.php\/wp-json\/wp\/v2\/types\/page"}],"author":[{"embeddable":true,"href":"https:\/\/charta-thesauri.de\/index.php\/wp-json\/wp\/v2\/users\/1"}],"replies":[{"embeddable":true,"href":"https:\/\/charta-thesauri.de\/index.php\/wp-json\/wp\/v2\/comments?post=887"}],"version-history":[{"count":20,"href":"https:\/\/charta-thesauri.de\/index.php\/wp-json\/wp\/v2\/pages\/887\/revisions"}],"predecessor-version":[{"id":948,"href":"https:\/\/charta-thesauri.de\/index.php\/wp-json\/wp\/v2\/pages\/887\/revisions\/948"}],"wp:attachment":[{"href":"https:\/\/charta-thesauri.de\/index.php\/wp-json\/wp\/v2\/media?parent=887"}],"curies":[{"name":"wp","href":"https:\/\/api.w.org\/{rel}","templated":true}]}}